{"id":1675,"date":"2021-12-19T00:18:18","date_gmt":"2021-12-19T05:18:18","guid":{"rendered":"https:\/\/iwantthekit.org\/que-son-las-its\/"},"modified":"2024-02-09T19:06:40","modified_gmt":"2024-02-10T00:06:40","slug":"que-son-las-its","status":"publish","type":"page","link":"https:\/\/iwantthekit.org\/es\/que-son-las-its\/","title":{"rendered":"\u00bfQU\u00c9 SON LAS ITS?"},"content":{"rendered":"<p>[et_pb_section fb_built=\u00bb1&#8243; _builder_version=\u00bb4.16&#8243; background_color=\u00bb#003664&#8243; global_colors_info=\u00bb{}\u00bb][et_pb_row _builder_version=\u00bb4.16&#8243; global_colors_info=\u00bb{}\u00bb][et_pb_column type=\u00bb4_4&#8243; _builder_version=\u00bb4.16&#8243; global_colors_info=\u00bb{}\u00bb][et_pb_post_title meta=\u00bboff\u00bb _builder_version=\u00bb4.16&#8243; title_font=\u00bb|800|||||||\u00bb title_text_color=\u00bb#ff9226&#8243; title_font_size=\u00bb55px\u00bb global_colors_info=\u00bb{}\u00bb][\/et_pb_post_title][\/et_pb_column][\/et_pb_row][\/et_pb_section][et_pb_section fb_built=\u00bb1&#8243; _builder_version=\u00bb4.16&#8243; global_colors_info=\u00bb{}\u00bb][et_pb_row _builder_version=\u00bb4.16&#8243; global_colors_info=\u00bb{}\u00bb][et_pb_column type=\u00bb4_4&#8243; _builder_version=\u00bb4.16&#8243; global_colors_info=\u00bb{}\u00bb][et_pb_text _builder_version=\u00bb4.16&#8243; global_colors_info=\u00bb{}\u00bb]<\/p>\n<p>Las infecciones de transmisi\u00f3n sexual (ITS) a veces se denominan enfermedades de transmisi\u00f3n sexual (ETS). Son causadas por microbios (bacterias, virus o par\u00e1sitos) que se transmiten de persona a persona durante las relaciones sexuales.<\/p>\n<p>El sexo puede significar muchas cosas diferentes para diferentes personas. Algunos de los tipos habituales de relaciones sexuales que pueden propagar las ITS incluyen introducir el pene en la vagina, el trasero (ano) o la boca, o el contacto de la boca con el pene, la vagina o el trasero. El sexo tambi\u00e9n incluye el uso de juguetes sexuales en la vagina o el trasero.<\/p>\n<h2><strong>Tipos de ITS<\/strong><\/h2>\n<p>Hay muchas ITS. Algunos de los nombres son dif\u00edciles de deletrear, pero los microbios son f\u00e1ciles de contraer. Adem\u00e1s, algunas ITS pueden estar presentes en m\u00e1s de una parte de su cuerpo si tiene relaciones sexuales orales (bucogenitales) o anales. Los s\u00edntomas y tratamientos pueden ser diferentes seg\u00fan la ITS que tenga y la parte de su cuerpo que est\u00e9 infectada.<\/p>\n<p>En 2018, hubo m\u00e1s de 357 millones de casos en todo el mundo de las cuatro ITS m\u00e1s frecuentes. El n\u00famero de casos de ITS en los Estados Unidos alcanz\u00f3 un m\u00e1ximo hist\u00f3rico. Es muy importante hacerse la prueba de detecci\u00f3n si tiene riesgo de contraer una ITS y recibir tratamiento si la prueba da positivo. Las consecuencias de las ITS que no reciben tratamiento pueden ser graves e incluyen la infertilidad y el aumento del riesgo de infecci\u00f3n por el VIH.<\/p>\n<p>[\/et_pb_text][\/et_pb_column][\/et_pb_row][et_pb_row column_structure=\u00bb1_3,1_3,1_3&#8243; use_custom_gutter=\u00bbon\u00bb gutter_width=\u00bb2&#8243; make_equal=\u00bbon\u00bb _builder_version=\u00bb4.16&#8243; global_colors_info=\u00bb{}\u00bb][et_pb_column type=\u00bb1_3&#8243; _builder_version=\u00bb4.16&#8243; global_colors_info=\u00bb{}\u00bb][et_pb_text module_class=\u00bbhover-custom\u00bb _builder_version=\u00bb4.16&#8243; background_color=\u00bb#f9f9f9&#8243; min_height=\u00bb300px\u00bb custom_padding=\u00bb20px|20px|20px|20px|true|true\u00bb link_option_url=\u00bb\/wp-content\/uploads\/2021\/12\/gonorrhea-factsheet-es.pdf\u00bb link_option_url_new_window=\u00bbon\u00bb border_width_all=\u00bb1px\u00bb border_color_all=\u00bb#ccc\u00bb global_colors_info=\u00bb{}\u00bb]<\/p>\n<p><strong>Gonorrea<br \/><\/strong><br \/> Una ITS que puede infectar a mujeres y hombres, y causar serios problemas de salud a ambos. <a href=\"\/wp-content\/uploads\/2021\/12\/gonorrhea-factsheet-es.pdf\" target=\"_blank\" rel=\"noopener noreferrer\">Lea m\u00e1s sobre los s\u00edntomas, riesgos y tratamientos de la gonorrea.<\/a><\/p>\n<p>[\/et_pb_text][et_pb_text module_class=\u00bbhover-custom\u00bb _builder_version=\u00bb4.16&#8243; background_color=\u00bb#f9f9f9&#8243; min_height=\u00bb300px\u00bb custom_padding=\u00bb20px|20px|20px|20px|true|true\u00bb link_option_url=\u00bb\/wp-content\/uploads\/2021\/12\/syphilis-factsheet-es.pdf\u00bb link_option_url_new_window=\u00bbon\u00bb border_width_all=\u00bb1px\u00bb border_color_all=\u00bb#ccc\u00bb global_colors_info=\u00bb{}\u00bb]<\/p>\n<p><strong>S\u00edfilis<br \/><\/strong><br \/>Una ITS que tiene m\u00faltiples etapas: primaria, secundaria, latente y terciaria. Si no se trata, puede causar complicaciones muy graves en la salud. <a href=\"\/wp-content\/uploads\/2021\/12\/syphilis-factsheet-es.pdf\" target=\"_blank\" rel=\"noopener noreferrer\">Lea m\u00e1s sobre los s\u00edntomas, riesgos y tratamientos de la s\u00edfilis.<\/a><\/p>\n<p>[\/et_pb_text][et_pb_text module_class=\u00bbhover-custom\u00bb _builder_version=\u00bb4.16&#8243; background_color=\u00bb#f9f9f9&#8243; min_height=\u00bb300px\u00bb custom_padding=\u00bb20px|20px|20px|20px|true|true\u00bb link_option_url=\u00bb\/wp-content\/uploads\/2021\/12\/hepb-factsheet-es.pdf\u00bb link_option_url_new_window=\u00bbon\u00bb border_width_all=\u00bb1px\u00bb border_color_all=\u00bb#ccc\u00bb global_colors_info=\u00bb{}\u00bb]<\/p>\n<p><strong>Hepatitis B<\/strong><br \/> Una enfermedad hep\u00e1tica grave que se transmite a trav\u00e9s de las relaciones sexuales, cuando se comparten agujas al inyectarse drogas y de madres a beb\u00e9s durante el parto. Hay una vacuna disponible que previene esta infecci\u00f3n. <a href=\"\/wp-content\/uploads\/2021\/12\/hepb-factsheet-es.pdf\" target=\"_blank\" rel=\"noopener noreferrer\">Lea m\u00e1s sobre los s\u00edntomas, riesgos y tratamientos de la hepatitis B<\/a>.<\/p>\n<p>[\/et_pb_text][et_pb_text module_class=\u00bbhover-custom\u00bb _builder_version=\u00bb4.16&#8243; background_color=\u00bb#f9f9f9&#8243; min_height=\u00bb300px\u00bb custom_padding=\u00bb20px|20px|20px|20px|true|true\u00bb link_option_url=\u00bb\/wp-content\/uploads\/2021\/12\/hepc-factsheet-es.pdf\u00bb link_option_url_new_window=\u00bbon\u00bb border_width_all=\u00bb1px\u00bb border_color_all=\u00bb#ccc\u00bb global_colors_info=\u00bb{}\u00bb]<\/p>\n<p><strong>Hepatitis C<\/strong><br \/>Otra enfermedad hep\u00e1tica grave. Se transmite principalmente a trav\u00e9s del contacto directo con sangre infectada. Se puede transmitir de la misma manera que la hepatitis B, pero se contagia menos f\u00e1cilmente a trav\u00e9s de las relaciones sexuales. La hepatitis C se cura con el tratamiento adecuado. <a href=\"\/wp-content\/uploads\/2021\/12\/hepc-factsheet-es.pdf\" target=\"_blank\" rel=\"noopener noreferrer\">Lea m\u00e1s sobre los s\u00edntomas, riesgos y tratamientos de la hepatitis C<\/a>.<\/p>\n<p>[\/et_pb_text][\/et_pb_column][et_pb_column type=\u00bb1_3&#8243; _builder_version=\u00bb4.16&#8243; global_colors_info=\u00bb{}\u00bb][et_pb_text module_class=\u00bbhover-custom\u00bb _builder_version=\u00bb4.16&#8243; background_color=\u00bb#f9f9f9&#8243; min_height=\u00bb300px\u00bb custom_padding=\u00bb20px|20px|20px|20px|true|true\u00bb link_option_url=\u00bb\/wp-content\/uploads\/2021\/12\/chlamydia-factsheet-es.pdf\u00bb link_option_url_new_window=\u00bbon\u00bb border_width_all=\u00bb1px\u00bb border_color_all=\u00bb#ccc\u00bb global_colors_info=\u00bb{}\u00bb]<\/p>\n<p><strong>Clamidia<br \/><\/strong><br \/> Una ITS frecuente que puede infectar a mujeres y hombres. Si no se trata, puede causar graves da\u00f1os a los \u00f3rganos internos de la mujer. <a href=\"\/wp-content\/uploads\/2021\/12\/chlamydia-factsheet-es.pdf\" target=\"_blank\" rel=\"noopener noreferrer\">Lea m\u00e1s sobre los s\u00edntomas, riesgos y tratamientos de la clamidia.<\/a><\/p>\n<p>[\/et_pb_text][et_pb_text module_class=\u00bbhover-custom\u00bb _builder_version=\u00bb4.16&#8243; background_color=\u00bb#f9f9f9&#8243; min_height=\u00bb300px\u00bb custom_padding=\u00bb20px|20px|20px|20px|true|true\u00bb link_option_url=\u00bb\/wp-content\/uploads\/2021\/12\/hiv-factsheet-es.pdf\u00bb link_option_url_new_window=\u00bbon\u00bb border_width_all=\u00bb1px\u00bb border_color_all=\u00bb#ccc\u00bb global_colors_info=\u00bb{}\u00bb]<\/p>\n<p><strong>VIH<\/strong><br \/>Un virus que se transmite a trav\u00e9s de las relaciones sexuales, cuando se comparten agujas al inyectarse drogas y de madres a beb\u00e9s durante el embarazo, el parto o la lactancia. Actualmente, el VIH no es curable, pero se puede controlar con el tratamiento m\u00e9dico adecuado, lo que permite a la mayor\u00eda de las personas llevar una vida normal. <a href=\"\/wp-content\/uploads\/2021\/12\/hiv-factsheet-es.pdf\" target=\"_blank\" rel=\"noopener\">Lea m\u00e1s sobre el VIH. Lea sobre el VIH y el uso de drogas inyectables<\/a>.<\/p>\n<p>[\/et_pb_text][et_pb_text module_class=\u00bbhover-custom\u00bb _builder_version=\u00bb4.16&#8243; background_color=\u00bb#f9f9f9&#8243; min_height=\u00bb300px\u00bb custom_padding=\u00bb20px|20px|20px|20px|true|true\u00bb link_option_url=\u00bb\/wp-content\/uploads\/2021\/12\/bv-factsheet-es.pdf\u00bb link_option_url_new_window=\u00bbon\u00bb border_width_all=\u00bb1px\u00bb border_color_all=\u00bb#ccc\u00bb global_colors_info=\u00bb{}\u00bb]<\/p>\n<p><strong>Vaginosis bacteriana (VB)<br \/><\/strong><br \/> Una condici\u00f3n que afecta a las mujeres. Ocurre cuando se produce un desequilibrio de las bacterias en la vagina. Si no se trata, puede aumentar las probabilidades de que una mujer contraiga otras ITS y el VIH. <a href=\"\/wp-content\/uploads\/2021\/12\/bv-factsheet-es.pdf\" target=\"_blank\" rel=\"noopener noreferrer\">Lea m\u00e1s sobre los s\u00edntomas, riesgos y tratamientos de la VB<\/a>.<\/p>\n<p>[\/et_pb_text][\/et_pb_column][et_pb_column type=\u00bb1_3&#8243; _builder_version=\u00bb4.16&#8243; global_colors_info=\u00bb{}\u00bb][et_pb_text module_class=\u00bbhover-custom\u00bb _builder_version=\u00bb4.16&#8243; background_color=\u00bb#f9f9f9&#8243; min_height=\u00bb300px\u00bb custom_padding=\u00bb20px|20px|20px|20px|true|true\u00bb link_option_url=\u00bb\/wp-content\/uploads\/2021\/12\/trichomoniasis-factsheet-es.pdf\u00bb link_option_url_new_window=\u00bbon\u00bb border_width_all=\u00bb1px\u00bb border_color_all=\u00bb#ccc\u00bb global_colors_info=\u00bb{}\u00bb]<\/p>\n<p><strong>Tricomonas<br \/><\/strong><br \/> Una ITS frecuente causada por un par\u00e1sito. Habitualmente se presenta m\u00e1s en las mujeres que en los hombres. <a href=\"\/wp-content\/uploads\/2021\/12\/trichomoniasis-factsheet-es.pdf\" target=\"_blank\" rel=\"noopener noreferrer\">Lea m\u00e1s sobre los s\u00edntomas, riesgos y tratamientos de la tricomoniasis<\/a>.<\/p>\n<p>[\/et_pb_text][et_pb_text module_class=\u00bbhover-custom\u00bb _builder_version=\u00bb4.16&#8243; background_color=\u00bb#f9f9f9&#8243; min_height=\u00bb300px\u00bb custom_padding=\u00bb20px|20px|20px|20px|true|true\u00bb link_option_url=\u00bb\/wp-content\/uploads\/2021\/12\/hpv-factsheet-es.pdf\u00bb link_option_url_new_window=\u00bbon\u00bb border_width_all=\u00bb1px\u00bb border_color_all=\u00bb#ccc\u00bb global_colors_info=\u00bb{}\u00bb]<\/p>\n<p><strong>Virus del papiloma humano (VPH)<br \/><\/strong><br \/>Es la ITS m\u00e1s frecuente. Puede causar verrugas genitales y c\u00e1ncer del cuello uterino. Hay una vacuna disponible que previene esta infecci\u00f3n. <a href=\"\/wp-content\/uploads\/2021\/12\/hpv-factsheet-es.pdf\" target=\"_blank\" rel=\"noopener noreferrer\">Lea m\u00e1s sobre los s\u00edntomas, riesgos y tratamientos del VPH<\/a>.<\/p>\n<p>[\/et_pb_text][et_pb_text module_class=\u00bbhover-custom\u00bb _builder_version=\u00bb4.16&#8243; background_color=\u00bb#f9f9f9&#8243; min_height=\u00bb300px\u00bb custom_padding=\u00bb20px|20px|20px|20px|true|true\u00bb link_option_url=\u00bb\/wp-content\/uploads\/2021\/12\/genital-herpes-factsheet-es.pdf\u00bb link_option_url_new_window=\u00bbon\u00bb border_width_all=\u00bb1px\u00bb border_color_all=\u00bb#ccc\u00bb global_colors_info=\u00bb{}\u00bb]<\/p>\n<p><strong>Herpes genital<\/strong><br \/> Una ITS causada por dos tipos de virus que tambi\u00e9n ocasionan las ampollas febriles en la boca. Infecta a mujeres y hombres. No existe cura para el herpes, pero hay medicamentos que pueden prevenir o acortar la duraci\u00f3n de los brotes. <a href=\"\/wp-content\/uploads\/2021\/12\/genital-herpes-factsheet-es.pdf\" target=\"_blank\" rel=\"noopener noreferrer\">Lea m\u00e1s sobre los s\u00edntomas, riesgos y tratamientos del herpes<\/a>.<\/p>\n<p>[\/et_pb_text][\/et_pb_column][\/et_pb_row][et_pb_row _builder_version=\u00bb4.16&#8243; global_colors_info=\u00bb{}\u00bb][et_pb_column type=\u00bb4_4&#8243; _builder_version=\u00bb4.16&#8243; global_colors_info=\u00bb{}\u00bb][et_pb_text _builder_version=\u00bb4.16&#8243; global_colors_info=\u00bb{}\u00bb]<\/p>\n<h2><strong>Maneras de prevenir las ITS<\/strong><\/h2>\n<p>Solo hay una forma 100% garantizada de prevenir las ITS y es no tener relaciones sexuales (genitales, anales ni orales). La buena noticia es que hay otras formas de protegerse y proteger a su(s) pareja(s) de las ITS.<\/p>\n<ul>\n<li>Solo tenga relaciones sexuales con una pareja que solo tenga relaciones sexuales con usted. Ambos deben hacerse la prueba de detecci\u00f3n de ITS antes de tener relaciones sexuales.<\/li>\n<li>Reduzca su n\u00famero de parejas sexuales. Usted y sus parejas sexuales deben hacerse la prueba de detecci\u00f3n de ITS e informarse mutuamente  los resultados de la prueba.<\/li>\n<li>Vac\u00fanese contra el VPH y la hepatitis B, las dos ITS para las cuales hay vacunas disponibles.<\/li>\n<li>Use un cond\u00f3n correctamente <span style=\"text-decoration: underline;\">cada vez<\/span> que tenga cualquier tipo de relaciones sexuales. Hay diferentes tipos de condones, incluidos los <a href=\"\/wp-content\/uploads\/2022\/02\/Male-Condoms-ES.pdf\" target=\"_blank\" rel=\"noopener noreferrer\">masculinos<\/a>, los <a href=\"\/wp-content\/uploads\/2022\/02\/Female-Condom-ES.pdf\" target=\"_blank\" rel=\"noopener noreferrer\">femeninos<\/a> y <a href=\"\/wp-content\/uploads\/2022\/02\/Dental-Dams-ES.pdf\" target=\"_blank\" rel=\"noopener noreferrer\">las barreras bucales<\/a>.<\/li>\n<\/ul>\n<p>[\/et_pb_text][et_pb_text _builder_version=\u00bb4.16&#8243; global_colors_info=\u00bb{}\u00bb]<\/p>\n<h2><strong>\u00bfQu\u00e9 pasa si cree que tiene una ITS?<\/strong><\/h2>\n<p>En primer lugar, \u00a1mantenga la calma!  La mayor\u00eda de las ITS se pueden curar con el tratamiento adecuado. Incluso las ITS que no son curables como el VIH se pueden controlar con un tratamiento adecuado que le permita llevar una vida saludable.<\/p>\n<p>En segundo lugar, \u00a1act\u00fae!  Si cree que podr\u00eda tener una ITS, debe hacerse la prueba de detecci\u00f3n y recibir tratamiento de inmediato, si el resultado de la prueba es positivo. Es mejor dejar de tener relaciones sexuales hasta que obtenga los resultados de la prueba y termine su tratamiento. Aseg\u00farese de seguir todas las instrucciones de su proveedor de atenci\u00f3n m\u00e9dica para cerciorarse de que su tratamiento funcione.<\/p>\n<p>[\/et_pb_text][\/et_pb_column][\/et_pb_row][et_pb_row column_structure=\u00bb2_3,1_3&#8243; _builder_version=\u00bb4.16&#8243; global_colors_info=\u00bb{}\u00bb][et_pb_column type=\u00bb2_3&#8243; _builder_version=\u00bb4.16&#8243; global_colors_info=\u00bb{}\u00bb][et_pb_text _builder_version=\u00bb4.16&#8243; global_colors_info=\u00bb{}\u00bb]<\/p>\n<h2><strong>Hablar, Detectar, Tratar<\/strong><\/h2>\n<p><strong>Recuerde los tres sencillos pasos para prevenir la propagaci\u00f3n de las ITS:<\/strong><\/p>\n<p><strong>1. Hablar:<\/strong> hable abiertamente con su proveedor de atenci\u00f3n m\u00e9dica sobre sus riesgos y el programa de pruebas de detecci\u00f3n de ITS que sea adecuado para usted. Hable con su(s) pareja(s) sobre las relaciones sexuales con protecci\u00f3n. Si cree que puede tener una ITS, es importante que se lo diga a todas sus parejas para que tambi\u00e9n puedan hacerse la prueba.<\/p>\n<p><strong>2. Detectar:<\/strong> h\u00e1gase la prueba de detecci\u00f3n si tiene riesgo de contraer una ITS o cree que puede tener una. Puede utilizar este sitio para realizar pruebas de detecci\u00f3n de algunas ITS o acudir a una cl\u00ednica o a su m\u00e9dico personal.<\/p>\n<p><strong>3. Tratar:<\/strong> la mayor\u00eda de las ITS se pueden curar y todas son tratables. Tome todos los medicamentos que le hayan recetado. \u00a1Recuerde tambi\u00e9n que es importante volver a hacerse la prueba tres meses despu\u00e9s de terminar su tratamiento!<\/p>\n<p>[\/et_pb_text][\/et_pb_column][et_pb_column type=\u00bb1_3&#8243; _builder_version=\u00bb4.16&#8243; global_colors_info=\u00bb{}\u00bb][et_pb_image src=\u00bbhttps:\/\/iwantthekit.org\/wp-content\/uploads\/2021\/09\/Talk-Test-Treat-Graphic.png\u00bb alt=\u00bbGr\u00e1fica de Hablar, Detectar, Tratar \u00bb title_text=\u00bbGr\u00e1fica de Hablar, Detectar, Tratar \u00bb align=\u00bbcenter\u00bb force_fullwidth=\u00bbon\u00bb _builder_version=\u00bb4.16&#8243; global_colors_info=\u00bb{}\u00bb][\/et_pb_image][\/et_pb_column][\/et_pb_row][\/et_pb_section]<\/p>\n","protected":false},"excerpt":{"rendered":"<p>Las infecciones de transmisi\u00f3n sexual (ITS) a veces se denominan enfermedades de transmisi\u00f3n sexual (ETS). Son causadas por microbios (bacterias, virus o par\u00e1sitos) que se transmiten de persona a persona durante las relaciones sexuales. El sexo puede significar muchas cosas diferentes para diferentes personas. Algunos de los tipos habituales de relaciones sexuales que pueden propagar [&hellip;]<\/p>\n","protected":false},"author":15,"featured_media":0,"parent":0,"menu_order":0,"comment_status":"closed","ping_status":"closed","template":"","meta":{"_et_pb_use_builder":"on","_et_pb_old_content":"","_et_gb_content_width":"","footnotes":""},"class_list":["post-1675","page","type-page","status-publish","hentry"],"yoast_head":"<!-- This site is optimized with the Yoast SEO plugin v27.3 - https:\/\/yoast.com\/product\/yoast-seo-wordpress\/ -->\n<title>\u00bfQU\u00c9 SON LAS ITS? - IWTK<\/title>\n<meta name=\"robots\" content=\"index, follow, max-snippet:-1, max-image-preview:large, max-video-preview:-1\" \/>\n<link rel=\"canonical\" href=\"https:\/\/iwantthekit.org\/es\/que-son-las-its\/\" \/>\n<meta property=\"og:locale\" content=\"es_ES\" \/>\n<meta property=\"og:type\" content=\"article\" \/>\n<meta property=\"og:title\" content=\"\u00bfQU\u00c9 SON LAS ITS? - IWTK\" \/>\n<meta property=\"og:description\" content=\"Las infecciones de transmisi\u00f3n sexual (ITS) a veces se denominan enfermedades de transmisi\u00f3n sexual (ETS). Son causadas por microbios (bacterias, virus o par\u00e1sitos) que se transmiten de persona a persona durante las relaciones sexuales. El sexo puede significar muchas cosas diferentes para diferentes personas. Algunos de los tipos habituales de relaciones sexuales que pueden propagar [&hellip;]\" \/>\n<meta property=\"og:url\" content=\"https:\/\/iwantthekit.org\/es\/que-son-las-its\/\" \/>\n<meta property=\"og:site_name\" content=\"IWTK\" \/>\n<meta property=\"article:modified_time\" content=\"2024-02-10T00:06:40+00:00\" \/>\n<meta name=\"twitter:card\" content=\"summary_large_image\" \/>\n<meta name=\"twitter:label1\" content=\"Tiempo de lectura\" \/>\n\t<meta name=\"twitter:data1\" content=\"10 minutos\" \/>\n<script type=\"application\/ld+json\" class=\"yoast-schema-graph\">{\"@context\":\"https:\\\/\\\/schema.org\",\"@graph\":[{\"@type\":\"WebPage\",\"@id\":\"https:\\\/\\\/iwantthekit.org\\\/es\\\/que-son-las-its\\\/\",\"url\":\"https:\\\/\\\/iwantthekit.org\\\/es\\\/que-son-las-its\\\/\",\"name\":\"\u00bfQU\u00c9 SON LAS ITS? - IWTK\",\"isPartOf\":{\"@id\":\"https:\\\/\\\/iwantthekit.org\\\/es\\\/#website\"},\"datePublished\":\"2021-12-19T05:18:18+00:00\",\"dateModified\":\"2024-02-10T00:06:40+00:00\",\"inLanguage\":\"es\",\"potentialAction\":[{\"@type\":\"ReadAction\",\"target\":[\"https:\\\/\\\/iwantthekit.org\\\/es\\\/que-son-las-its\\\/\"]}]},{\"@type\":\"WebSite\",\"@id\":\"https:\\\/\\\/iwantthekit.org\\\/es\\\/#website\",\"url\":\"https:\\\/\\\/iwantthekit.org\\\/es\\\/\",\"name\":\"IWTK\",\"description\":\"Take Control, Know Your Status\",\"potentialAction\":[{\"@type\":\"SearchAction\",\"target\":{\"@type\":\"EntryPoint\",\"urlTemplate\":\"https:\\\/\\\/iwantthekit.org\\\/es\\\/?s={search_term_string}\"},\"query-input\":{\"@type\":\"PropertyValueSpecification\",\"valueRequired\":true,\"valueName\":\"search_term_string\"}}],\"inLanguage\":\"es\"}]}<\/script>\n<!-- \/ Yoast SEO plugin. -->","yoast_head_json":{"title":"\u00bfQU\u00c9 SON LAS ITS? - IWTK","robots":{"index":"index","follow":"follow","max-snippet":"max-snippet:-1","max-image-preview":"max-image-preview:large","max-video-preview":"max-video-preview:-1"},"canonical":"https:\/\/iwantthekit.org\/es\/que-son-las-its\/","og_locale":"es_ES","og_type":"article","og_title":"\u00bfQU\u00c9 SON LAS ITS? - IWTK","og_description":"Las infecciones de transmisi\u00f3n sexual (ITS) a veces se denominan enfermedades de transmisi\u00f3n sexual (ETS). Son causadas por microbios (bacterias, virus o par\u00e1sitos) que se transmiten de persona a persona durante las relaciones sexuales. El sexo puede significar muchas cosas diferentes para diferentes personas. Algunos de los tipos habituales de relaciones sexuales que pueden propagar [&hellip;]","og_url":"https:\/\/iwantthekit.org\/es\/que-son-las-its\/","og_site_name":"IWTK","article_modified_time":"2024-02-10T00:06:40+00:00","twitter_card":"summary_large_image","twitter_misc":{"Tiempo de lectura":"10 minutos"},"schema":{"@context":"https:\/\/schema.org","@graph":[{"@type":"WebPage","@id":"https:\/\/iwantthekit.org\/es\/que-son-las-its\/","url":"https:\/\/iwantthekit.org\/es\/que-son-las-its\/","name":"\u00bfQU\u00c9 SON LAS ITS? - IWTK","isPartOf":{"@id":"https:\/\/iwantthekit.org\/es\/#website"},"datePublished":"2021-12-19T05:18:18+00:00","dateModified":"2024-02-10T00:06:40+00:00","inLanguage":"es","potentialAction":[{"@type":"ReadAction","target":["https:\/\/iwantthekit.org\/es\/que-son-las-its\/"]}]},{"@type":"WebSite","@id":"https:\/\/iwantthekit.org\/es\/#website","url":"https:\/\/iwantthekit.org\/es\/","name":"IWTK","description":"Take Control, Know Your Status","potentialAction":[{"@type":"SearchAction","target":{"@type":"EntryPoint","urlTemplate":"https:\/\/iwantthekit.org\/es\/?s={search_term_string}"},"query-input":{"@type":"PropertyValueSpecification","valueRequired":true,"valueName":"search_term_string"}}],"inLanguage":"es"}]}},"_links":{"self":[{"href":"https:\/\/iwantthekit.org\/es\/wp-json\/wp\/v2\/pages\/1675","targetHints":{"allow":["GET"]}}],"collection":[{"href":"https:\/\/iwantthekit.org\/es\/wp-json\/wp\/v2\/pages"}],"about":[{"href":"https:\/\/iwantthekit.org\/es\/wp-json\/wp\/v2\/types\/page"}],"author":[{"embeddable":true,"href":"https:\/\/iwantthekit.org\/es\/wp-json\/wp\/v2\/users\/15"}],"replies":[{"embeddable":true,"href":"https:\/\/iwantthekit.org\/es\/wp-json\/wp\/v2\/comments?post=1675"}],"version-history":[{"count":0,"href":"https:\/\/iwantthekit.org\/es\/wp-json\/wp\/v2\/pages\/1675\/revisions"}],"wp:attachment":[{"href":"https:\/\/iwantthekit.org\/es\/wp-json\/wp\/v2\/media?parent=1675"}],"curies":[{"name":"wp","href":"https:\/\/api.w.org\/{rel}","templated":true}]}}