{"id":1672,"date":"2021-12-18T23:59:01","date_gmt":"2021-12-19T04:59:01","guid":{"rendered":"https:\/\/iwantthekit.org\/politica-de-privacidad\/"},"modified":"2022-01-17T18:05:17","modified_gmt":"2022-01-17T23:05:17","slug":"politica-de-privacidad","status":"publish","type":"page","link":"https:\/\/iwantthekit.org\/es\/politica-de-privacidad\/","title":{"rendered":"POL\u00cdTICA DE PRIVACIDAD"},"content":{"rendered":"<p>[et_pb_section fb_built=\u00bb1&#8243; _builder_version=\u00bb4.4.8&#8243; background_color=\u00bb#003664&#8243; use_background_color_gradient=\u00bbon\u00bb background_image=\u00bbhttps:\/\/asdev8.com\/wp-content\/uploads\/2020\/06\/couple.jpg\u00bb background_position=\u00bbtop_center\u00bb global_colors_info=\u00bb{}\u00bb][et_pb_row _builder_version=\u00bb4.4.8&#8243; global_colors_info=\u00bb{}\u00bb][et_pb_column type=\u00bb4_4&#8243; _builder_version=\u00bb4.4.8&#8243; global_colors_info=\u00bb{}\u00bb][et_pb_post_title meta=\u00bboff\u00bb _builder_version=\u00bb4.4.8&#8243; title_font=\u00bb|800||on|||||\u00bb title_text_color=\u00bb#003664&#8243; title_font_size=\u00bb55px\u00bb global_colors_info=\u00bb{}\u00bb][\/et_pb_post_title][\/et_pb_column][\/et_pb_row][\/et_pb_section][et_pb_section fb_built=\u00bb1&#8243; _builder_version=\u00bb4.4.8&#8243; global_colors_info=\u00bb{}\u00bb][et_pb_row _builder_version=\u00bb4.4.8&#8243; global_colors_info=\u00bb{}\u00bb][et_pb_column type=\u00bb4_4&#8243; _builder_version=\u00bb4.4.8&#8243; global_colors_info=\u00bb{}\u00bb][et_pb_text _builder_version=\u00bb4.10.8&#8243; hover_enabled=\u00bb0&#8243; global_colors_info=\u00bb{}\u00bb sticky_enabled=\u00bb0&#8243;]<\/p>\n<p>Gracias por visitar nuestro sitio web <strong>Quiero el kit<\/strong> (I Want the Kit). Quiero el kit ofrece informaci\u00f3n fiable sobre las infecciones de transmisi\u00f3n sexual y forma parte de un programa administrado por el Centro de Innovaci\u00f3n en T\u00e9cnicas Diagn\u00f3sticas, en la Divisi\u00f3n de Enfermedades Infectocontagiosas del Departamento de Medicina de la Universidad Johns Hopkins. Ya que mantener la privacidad de los usuarios es nuestra prioridad, detallamos a continuaci\u00f3n el tratamiento que les damos a los datos de car\u00e1cter personal de quienes consultan este sitio.<\/p>\n<p>Al leer o descargar informaci\u00f3n, nuestro servidor web reconoce autom\u00e1ticamente los nombres de dominio de los usuarios, entre otros datos de car\u00e1cter general. Mediante programas inform\u00e1ticos tradicionales, proporcionados por terceros, recabamos dicha informaci\u00f3n para elaborar an\u00e1lisis estad\u00edsticos que nos permiten determinar qu\u00e9 informaci\u00f3n resulta de mayor inter\u00e9s para los usuarios, evaluar el rendimiento del sitio web y detectar problemas t\u00e9cnicos. La informaci\u00f3n recabada no se utiliza con fines comerciales; por tanto, Johns Hopkins no la ceder\u00e1 ni vender\u00e1 a empresas de mercadeo.<\/p>\n<p>Si el usuario proporciona voluntariamente datos de car\u00e1cter personal al sitio web de <strong>Quiero el kit<\/strong>, los recopilaremos y usaremos para responder a cualquier solicitud que nos haga. Son ejemplos de datos de car\u00e1cter personal:<\/p>\n<ul>\n<li>El nombre, la direcci\u00f3n, el n\u00famero de tel\u00e9fono y la direcci\u00f3n de correo electr\u00f3nico del usuario.<\/li>\n<li>La informaci\u00f3n que usted facilita voluntariamente a Johns Hopkins cuando llena y env\u00eda un cuestionario de valoraci\u00f3n de riesgo o una solicitud por internet.<\/li>\n<li>Otro tipo de informaci\u00f3n proporcionada voluntariamente a trav\u00e9s de correos electr\u00f3nicos.<\/li>\n<\/ul>\n<h3>Divulgaci\u00f3n de datos personales<\/h3>\n<p>Como regla general nosotros no cedemos los datos de caracter personal que recabamos de los usuarios sin su consentimiento. Como proveedores de salud, estamos obligados por ley a proteger la privacidad y seguridad de la informaci\u00f3n de su salud. Dirija sus preguntas o comentarios sobre la informaci\u00f3n presentada en esta pol\u00edtica de privacidad a:<\/p>\n<p>Yukari Manabe, MD<br \/>Universidad Johns Hopkins<br \/>Tel\u00e9fono: (410) 955-8571<br \/>Correo electr\u00f3nico: <a href=\"mailto:iwantthekit@jhmi.edu\">iwantthekit@jhmi.edu<\/a><\/p>\n<h3>Cookies<\/h3>\n<p>A fin de brindar un mejor servicio a los usuarios, de vez en cuando utilizamos \u00abcookies\u00bb para personalizar y facilitar la navegaci\u00f3n a trav\u00e9s del sitio web. Las cookies son ficheros de datos que se almacenan en los navegadores de internet y permiten diferenciar a los usuarios de los sitios web. En nuestro caso, las cookies que utilizamos no recogen datos de car\u00e1cter personal, sino que sirven para almacenar en la computadora una etiqueta aleatoria que nos permite identificar el navegador del usuario sin poner en peligro su privacidad o seguridad. Nuestras cookies pueden rechazarse en la p\u00e1gina o eliminarse del aparato electr\u00f3nico cuando el usuario guste mediante los m\u00e9todos de eliminaci\u00f3n de cookies que existen.<\/p>\n<h3>Aviso legal sobre enlaces a sitios web de terceros<\/h3>\n<p>El sit web <strong>Quiero el kit<\/strong> (I Want the Kit) y Johns Hopkins proporcionan enlaces a sitios web de otras organizaciones para facilitar a los usuarios informaci\u00f3n complementaria, mas no  respaldan ni aprueban el contenido, los puntos de vista, las pol\u00edticas, los productos o los servicios que se presentan en dichos sitios. Si el usuario consulta la p\u00e1gina web de alg\u00fan tercero que est\u00e9 vinculado a este sitio, deber\u00e1 acatar sus condiciones de uso, as\u00ed como sus pol\u00edticas de privacidad y de cookies.<\/p>\n<h3>Exenci\u00f3n de responsabilidad<\/h3>\n<p>La informaci\u00f3n que se presenta en este sitio no debe interpretarse como consejo m\u00e9dico, legal o profesional, ya que se proporciona \u00fanicamente con fines educativos e informativos. El usuario debe acudir al m\u00e9dico para la atenci\u00f3n o el tratamiento de cualquier infecci\u00f3n de transmisi\u00f3n sexual o enfermedad o consultarle directamente las inquietudes que le surjan sobre su salud. Johns Hopkins Medicine no verifica la identidad de las personas que solicitan informaci\u00f3n o los kits de pruebas en este sitio web y no ser\u00e1 responsable de los da\u00f1os o perjuicios que puedan resultar de la identificaci\u00f3n voluntaria que hagan los usuarios.<\/p>\n<h3>Actualizaciones<\/h3>\n<p>Nos reservamos el derecho a modificar esta pol\u00edtica de privacidad en cualquier momento. Todas las actualizaciones se publicar\u00e1n en esta p\u00e1gina, as\u00ed que le solicitamos al usuario que la revise peri\u00f3dicamente.<\/p>\n<p>[\/et_pb_text][\/et_pb_column][\/et_pb_row][\/et_pb_section]<\/p>\n","protected":false},"excerpt":{"rendered":"<p>Gracias por visitar nuestro sitio web Quiero el kit (I Want the Kit). Quiero el kit ofrece informaci\u00f3n fiable sobre las infecciones de transmisi\u00f3n sexual y forma parte de un programa administrado por el Centro de Innovaci\u00f3n en T\u00e9cnicas Diagn\u00f3sticas, en la Divisi\u00f3n de Enfermedades Infectocontagiosas del Departamento de Medicina de la Universidad Johns Hopkins. [&hellip;]<\/p>\n","protected":false},"author":15,"featured_media":0,"parent":0,"menu_order":0,"comment_status":"closed","ping_status":"closed","template":"","meta":{"_et_pb_use_builder":"on","_et_pb_old_content":"","_et_gb_content_width":"","footnotes":""},"class_list":["post-1672","page","type-page","status-publish","hentry"],"yoast_head":"<!-- This site is optimized with the Yoast SEO plugin v27.3 - https:\/\/yoast.com\/product\/yoast-seo-wordpress\/ -->\n<title>POL\u00cdTICA DE PRIVACIDAD - IWTK<\/title>\n<meta name=\"robots\" content=\"index, follow, max-snippet:-1, max-image-preview:large, max-video-preview:-1\" \/>\n<link rel=\"canonical\" href=\"https:\/\/iwantthekit.org\/es\/politica-de-privacidad\/\" \/>\n<meta property=\"og:locale\" content=\"es_ES\" \/>\n<meta property=\"og:type\" content=\"article\" \/>\n<meta property=\"og:title\" content=\"POL\u00cdTICA DE PRIVACIDAD - IWTK\" \/>\n<meta property=\"og:description\" content=\"Gracias por visitar nuestro sitio web Quiero el kit (I Want the Kit). Quiero el kit ofrece informaci\u00f3n fiable sobre las infecciones de transmisi\u00f3n sexual y forma parte de un programa administrado por el Centro de Innovaci\u00f3n en T\u00e9cnicas Diagn\u00f3sticas, en la Divisi\u00f3n de Enfermedades Infectocontagiosas del Departamento de Medicina de la Universidad Johns Hopkins. [&hellip;]\" \/>\n<meta property=\"og:url\" content=\"https:\/\/iwantthekit.org\/es\/politica-de-privacidad\/\" \/>\n<meta property=\"og:site_name\" content=\"IWTK\" \/>\n<meta property=\"article:modified_time\" content=\"2022-01-17T23:05:17+00:00\" \/>\n<meta name=\"twitter:card\" content=\"summary_large_image\" \/>\n<meta name=\"twitter:label1\" content=\"Tiempo de lectura\" \/>\n\t<meta name=\"twitter:data1\" content=\"4 minutos\" \/>\n<script type=\"application\/ld+json\" class=\"yoast-schema-graph\">{\"@context\":\"https:\\\/\\\/schema.org\",\"@graph\":[{\"@type\":\"WebPage\",\"@id\":\"https:\\\/\\\/iwantthekit.org\\\/es\\\/politica-de-privacidad\\\/\",\"url\":\"https:\\\/\\\/iwantthekit.org\\\/es\\\/politica-de-privacidad\\\/\",\"name\":\"POL\u00cdTICA DE PRIVACIDAD - IWTK\",\"isPartOf\":{\"@id\":\"https:\\\/\\\/iwantthekit.org\\\/es\\\/#website\"},\"datePublished\":\"2021-12-19T04:59:01+00:00\",\"dateModified\":\"2022-01-17T23:05:17+00:00\",\"inLanguage\":\"es\",\"potentialAction\":[{\"@type\":\"ReadAction\",\"target\":[\"https:\\\/\\\/iwantthekit.org\\\/es\\\/politica-de-privacidad\\\/\"]}]},{\"@type\":\"WebSite\",\"@id\":\"https:\\\/\\\/iwantthekit.org\\\/es\\\/#website\",\"url\":\"https:\\\/\\\/iwantthekit.org\\\/es\\\/\",\"name\":\"IWTK\",\"description\":\"Take Control, Know Your Status\",\"potentialAction\":[{\"@type\":\"SearchAction\",\"target\":{\"@type\":\"EntryPoint\",\"urlTemplate\":\"https:\\\/\\\/iwantthekit.org\\\/es\\\/?s={search_term_string}\"},\"query-input\":{\"@type\":\"PropertyValueSpecification\",\"valueRequired\":true,\"valueName\":\"search_term_string\"}}],\"inLanguage\":\"es\"}]}<\/script>\n<!-- \/ Yoast SEO plugin. -->","yoast_head_json":{"title":"POL\u00cdTICA DE PRIVACIDAD - IWTK","robots":{"index":"index","follow":"follow","max-snippet":"max-snippet:-1","max-image-preview":"max-image-preview:large","max-video-preview":"max-video-preview:-1"},"canonical":"https:\/\/iwantthekit.org\/es\/politica-de-privacidad\/","og_locale":"es_ES","og_type":"article","og_title":"POL\u00cdTICA DE PRIVACIDAD - IWTK","og_description":"Gracias por visitar nuestro sitio web Quiero el kit (I Want the Kit). Quiero el kit ofrece informaci\u00f3n fiable sobre las infecciones de transmisi\u00f3n sexual y forma parte de un programa administrado por el Centro de Innovaci\u00f3n en T\u00e9cnicas Diagn\u00f3sticas, en la Divisi\u00f3n de Enfermedades Infectocontagiosas del Departamento de Medicina de la Universidad Johns Hopkins. [&hellip;]","og_url":"https:\/\/iwantthekit.org\/es\/politica-de-privacidad\/","og_site_name":"IWTK","article_modified_time":"2022-01-17T23:05:17+00:00","twitter_card":"summary_large_image","twitter_misc":{"Tiempo de lectura":"4 minutos"},"schema":{"@context":"https:\/\/schema.org","@graph":[{"@type":"WebPage","@id":"https:\/\/iwantthekit.org\/es\/politica-de-privacidad\/","url":"https:\/\/iwantthekit.org\/es\/politica-de-privacidad\/","name":"POL\u00cdTICA DE PRIVACIDAD - IWTK","isPartOf":{"@id":"https:\/\/iwantthekit.org\/es\/#website"},"datePublished":"2021-12-19T04:59:01+00:00","dateModified":"2022-01-17T23:05:17+00:00","inLanguage":"es","potentialAction":[{"@type":"ReadAction","target":["https:\/\/iwantthekit.org\/es\/politica-de-privacidad\/"]}]},{"@type":"WebSite","@id":"https:\/\/iwantthekit.org\/es\/#website","url":"https:\/\/iwantthekit.org\/es\/","name":"IWTK","description":"Take Control, Know Your Status","potentialAction":[{"@type":"SearchAction","target":{"@type":"EntryPoint","urlTemplate":"https:\/\/iwantthekit.org\/es\/?s={search_term_string}"},"query-input":{"@type":"PropertyValueSpecification","valueRequired":true,"valueName":"search_term_string"}}],"inLanguage":"es"}]}},"_links":{"self":[{"href":"https:\/\/iwantthekit.org\/es\/wp-json\/wp\/v2\/pages\/1672","targetHints":{"allow":["GET"]}}],"collection":[{"href":"https:\/\/iwantthekit.org\/es\/wp-json\/wp\/v2\/pages"}],"about":[{"href":"https:\/\/iwantthekit.org\/es\/wp-json\/wp\/v2\/types\/page"}],"author":[{"embeddable":true,"href":"https:\/\/iwantthekit.org\/es\/wp-json\/wp\/v2\/users\/15"}],"replies":[{"embeddable":true,"href":"https:\/\/iwantthekit.org\/es\/wp-json\/wp\/v2\/comments?post=1672"}],"version-history":[{"count":0,"href":"https:\/\/iwantthekit.org\/es\/wp-json\/wp\/v2\/pages\/1672\/revisions"}],"wp:attachment":[{"href":"https:\/\/iwantthekit.org\/es\/wp-json\/wp\/v2\/media?parent=1672"}],"curies":[{"name":"wp","href":"https:\/\/api.w.org\/{rel}","templated":true}]}}