{"id":1669,"date":"2021-12-18T23:52:02","date_gmt":"2021-12-19T04:52:02","guid":{"rendered":"https:\/\/iwantthekit.org\/mas-informacion-sobre-el-vih\/"},"modified":"2023-08-01T11:17:35","modified_gmt":"2023-08-01T15:17:35","slug":"mas-informacion-sobre-el-vih","status":"publish","type":"page","link":"https:\/\/iwantthekit.org\/es\/mas-informacion-sobre-el-vih\/","title":{"rendered":"M\u00e1s informaci\u00f3n sobre el VIH"},"content":{"rendered":"<p>[et_pb_section fb_built=\u00bb1&#8243; _builder_version=\u00bb4.16&#8243; background_color=\u00bb#003664&#8243; global_colors_info=\u00bb{}\u00bb][et_pb_row _builder_version=\u00bb4.16&#8243; global_colors_info=\u00bb{}\u00bb][et_pb_column type=\u00bb4_4&#8243; _builder_version=\u00bb4.16&#8243; global_colors_info=\u00bb{}\u00bb][et_pb_post_title meta=\u00bboff\u00bb _builder_version=\u00bb4.4.8&#8243; title_font=\u00bb|800||on|||||\u00bb title_text_color=\u00bb#ff9226&#8243; title_font_size=\u00bb55px\u00bb global_colors_info=\u00bb{}\u00bb][\/et_pb_post_title][\/et_pb_column][\/et_pb_row][\/et_pb_section][et_pb_section fb_built=\u00bb1&#8243; _builder_version=\u00bb4.16&#8243; global_colors_info=\u00bb{}\u00bb][et_pb_row column_structure=\u00bb1_3,1_3,1_3&#8243; use_custom_gutter=\u00bbon\u00bb gutter_width=\u00bb2&#8243; _builder_version=\u00bb4.16&#8243; global_colors_info=\u00bb{}\u00bb][et_pb_column type=\u00bb1_3&#8243; _builder_version=\u00bb4.16&#8243; global_colors_info=\u00bb{}\u00bb][et_pb_image src=\u00bbhttps:\/\/iwantthekit.org\/wp-content\/uploads\/2021\/07\/Person-in-Black-Shirt.jpg\u00bb alt=\u00bbPersona con camisa negra\u00bb title_text=\u00bbPersona con camisa negra\u00bb show_in_lightbox=\u00bbon\u00bb use_overlay=\u00bbon\u00bb hover_icon=\u00bb&#x54;||divi||400&#8243; force_fullwidth=\u00bbon\u00bb _builder_version=\u00bb4.16&#8243; global_colors_info=\u00bb{}\u00bb][\/et_pb_image][\/et_pb_column][et_pb_column type=\u00bb1_3&#8243; _builder_version=\u00bb4.16&#8243; global_colors_info=\u00bb{}\u00bb][et_pb_image src=\u00bbhttps:\/\/iwantthekit.org\/wp-content\/uploads\/2021\/07\/Two-People-in-Coats.jpg\u00bb alt=\u00bbDos personas con abrigos\u00bb title_text=\u00bbDos personas con abrigos\u00bb show_in_lightbox=\u00bbon\u00bb use_overlay=\u00bbon\u00bb hover_icon=\u00bb&#x54;||divi||400&#8243; force_fullwidth=\u00bbon\u00bb admin_label=\u00bbImage\u00bb _builder_version=\u00bb4.16&#8243; custom_padding=\u00bb||||false|true\u00bb border_color_all=\u00bb#d3d3d3&#8243; global_colors_info=\u00bb{}\u00bb][\/et_pb_image][\/et_pb_column][et_pb_column type=\u00bb1_3&#8243; _builder_version=\u00bb4.16&#8243; global_colors_info=\u00bb{}\u00bb][et_pb_image src=\u00bbhttps:\/\/iwantthekit.org\/wp-content\/uploads\/2021\/07\/Person-with-Belt.jpg\u00bb alt=\u00bbPersona con cintur\u00f3n\u00bb title_text=\u00bbPersona con cintur\u00f3n\u00bb show_in_lightbox=\u00bbon\u00bb use_overlay=\u00bbon\u00bb hover_icon=\u00bb&#x54;||divi||400&#8243; force_fullwidth=\u00bbon\u00bb _builder_version=\u00bb4.16&#8243; global_colors_info=\u00bb{}\u00bb][\/et_pb_image][\/et_pb_column][\/et_pb_row][et_pb_row _builder_version=\u00bb4.16&#8243; custom_margin=\u00bb||||false|false\u00bb global_colors_info=\u00bb{}\u00bb][et_pb_column type=\u00bb4_4&#8243; _builder_version=\u00bb4.16&#8243; global_colors_info=\u00bb{}\u00bb][et_pb_text _builder_version=\u00bb4.16&#8243; global_colors_info=\u00bb{}\u00bb]<\/p>\n<h2><strong>\u00bfQu\u00e9 es el VIH?<\/strong><\/h2>\n<p>El virus de la inmunodeficiencia humana o VIH es un proceso infeccioso que ataca y debilita el sistema de defensas del organismo (sistema inmune), el cual se encarga de combatir las infecciones. En ausencia de tratamiento efectivo, la infecci\u00f3n produce el deterioro progresivo del sistema inmune y puede avanzar hacia la etapa m\u00e1s grave, lo que se conoce como SIDA (S\u00edndrome de Inmunodeficiencia Adquirida). Si bien no hay tratamiento curativo ni vacuna para el VIH, la buena noticia es que existen medicamentos que controlan la replicaci\u00f3n del virus y, como consecuencia, permiten que el sistema inmune se recupere. Adem\u00e1s, si la persona se toma los medicamentos seg\u00fan las indicaciones del m\u00e9dico, el virus queda neutralizado y es indetectable por las pruebas, lo que implica que no se puede transmitir a otras personas. En la actualidad, la mayor\u00eda de las personas infectadas por el VIH tienen una vida sana y longeva.[\/et_pb_text][\/et_pb_column][\/et_pb_row][et_pb_row column_structure=\u00bb1_2,1_2&#8243; _builder_version=\u00bb4.16&#8243; global_colors_info=\u00bb{}\u00bb][et_pb_column type=\u00bb1_2&#8243; _builder_version=\u00bb4.16&#8243; global_colors_info=\u00bb{}\u00bb][et_pb_text _builder_version=\u00bb4.16&#8243; global_colors_info=\u00bb{}\u00bb]<\/p>\n<h2><strong>\u00bfC\u00f3mo se transmite el VIH?<\/strong><\/h2>\n<p>La infecci\u00f3n por el VIH se adquiere por el contacto con los l\u00edquidos corporales de una persona infectada, entre ellos:<\/p>\n<ul>\n<li>Los fluidos sexuales (semen, flujo vaginal y flujo anal)<\/li>\n<li>La sangre<\/li>\n<li>La leche materna<\/li>\n<\/ul>\n<p>Tener relaciones sexuales sin cond\u00f3n y compartir agujas, jeringuillas u otros objetos para inyectarse drogas son las dos v\u00edas de transmisi\u00f3n del VIH m\u00e1s frecuentes. Las madres infectadas tambi\u00e9n pueden transmitir el VIH a sus beb\u00e9s durante el embarazo, el parto y la lactancia.[\/et_pb_text][\/et_pb_column][et_pb_column type=\u00bb1_2&#8243; _builder_version=\u00bb4.16&#8243; global_colors_info=\u00bb{}\u00bb][et_pb_image src=\u00bbhttps:\/\/iwantthekit.org\/wp-content\/uploads\/2022\/01\/HIV-Hands-Image-1-scaled.jpg\u00bb alt=\u00bbManos sosteniendo las cintas del VIH\u00bb title_text=\u00bbManos sosteniendo las cintas del VIH\u00bb show_in_lightbox=\u00bbon\u00bb use_overlay=\u00bbon\u00bb hover_icon=\u00bb&#x54;||divi||400&#8243; force_fullwidth=\u00bbon\u00bb _builder_version=\u00bb4.16&#8243; global_colors_info=\u00bb{}\u00bb][\/et_pb_image][\/et_pb_column][\/et_pb_row][et_pb_row _builder_version=\u00bb4.16&#8243; global_colors_info=\u00bb{}\u00bb][et_pb_column type=\u00bb4_4&#8243; _builder_version=\u00bb4.16&#8243; global_colors_info=\u00bb{}\u00bb][et_pb_text _builder_version=\u00bb4.16&#8243; global_colors_info=\u00bb{}\u00bb]<\/p>\n<h2><strong>\u00bfC\u00f3mo s\u00e9 si tengo VIH?<\/strong><\/h2>\n<p>La \u00fanica forma de saber con certeza si una persona se ha infectado por el VIH es realizarle una prueba. Los Centros para el Control y la Prevenci\u00f3n de Enfermedades (CDC) recomiendan a todas las personas entre los 13 y los 64 a\u00f1os que se hagan la prueba del VIH al menos una vez en su vida. Deben hacerse la prueba del VIH de forma peri\u00f3dica (cada 3-6 meses) quienes corran un mayor riesgo de contraer enfermedades de transmisi\u00f3n sexual. Los hombres y las mujeres transexuales que tengan relaciones sexuales con otros hombres y no sean mon\u00f3gamos deben hacerse la prueba cada 3 meses. Quienes se inyecten drogas por v\u00eda endovenosa deben hacerse la prueba por lo menos una vez al a\u00f1o.<\/p>\n<p>Algunas pruebas para diagnosticar el VIH requieren una muestra de sangre y otras una muestra de saliva.<\/p>\n<p><a href=\"http:\/\/www.oraquick.com\/What-is-OraQuick\" target=\"_blank\" rel=\"noopener\">Consulte m\u00e1s informaci\u00f3n sobre el kit de pruebas caseras OraQuick.<\/a><\/p>\n<p><a href=\"https:\/\/www.cdc.gov\/stophivtogether\/hiv-prevention\/condoms.html\" target=\"_blank\" rel=\"noopener\">Obtenga informaci\u00f3n sobre los servicios de prevenci\u00f3n del VIH y el acceso a las pruebas diagn\u00f3sticas disponibles en su localidad.<\/a><\/p>\n<h2><strong>\u00bfC\u00f3mo se trata el VIH?<\/strong><\/h2>\n<p>El tratamiento para el VIH llamado Terapia Antirretroviral (ART) por sus siglas en Ingles. Este tratamiento del VIH se basa en la toma diaria de un f\u00e1rmaco antirretroviral de alta eficacia, en forma de pastilla tragable. Existen nuevos medicamentos que se administran mediante una inyecci\u00f3n peri\u00f3dica. Los medicamentos que se emplean para tratar el VIH evitan que el virus se multiplique (disminuyen la carga viral en sangre) y as\u00ed reducen el riesgo de que la infecci\u00f3n se transmita a otras personas. Si una persona tiene una carga viral indetectable, no puede transmitir el virus mediante relaciones sexuales sin cond\u00f3n. <\/p>\n<p><strong>Si el virus es indetectable, tambi\u00e9n es intransmisible. Recuerde la f\u00f3rmula: Indetectable = Intransmisible. <\/strong><\/p>\n<h2><strong>Tratamientos preventivos: PEP y PrEP<\/strong><\/h2>\n<p>Si se ha expuesto al VIH durante las \u00faltimas 72 horas, ya sea porque tuvo relaciones sexuales sin cond\u00f3n o comparti\u00f3 agujas o jeringuillas para inyectarse drogas, consulte cuanto antes con un m\u00e9dico sobre el tratamiento <a href=\"https:\/\/iwantthekit.org\/wp-content\/uploads\/2020\/09\/cdc-hiv-pep101.pdf\" target=\"_blank\" rel=\"noopener\"> PEP (profilaxis posterior a la exposici\u00f3n)<\/a>. Este tratamiento se administra para evitar que las personas que se han expuesto accidentalmente al virus se contagien.<\/p>\n<p>Las personas seronegativas deben considerar hablar con el m\u00e9dico sobre la posibilidad de empezar el tratamiento PrEP (profilaxis previa a la exposici\u00f3n). Este tratamiento se basa en la toma diaria de un medicamento que previene eficazmente la infecci\u00f3n por el VIH.[\/et_pb_text][et_pb_text _builder_version=\u00bb4.21.0&#8243; hover_enabled=\u00bb0&#8243; global_colors_info=\u00bb{}\u00bb sticky_enabled=\u00bb0&#8243;]<\/p>\n<h2><strong>\u00bfHay un estigma asociado al VIH?<\/strong><\/h2>\n<p>S\u00ed, se trata de las creencias infundadas y las actitudes negativas que tiene la sociedad respecto a las personas que padecen el VIH, las cuales generan prejuicios y afectan su vida cotidiana. Debido a estos prejuicios, en ocasiones las personas con VIH no obtienen la atenci\u00f3n m\u00e9dica que necesitan por miedo. Rechazar a estas personas no tiene fundamento alguno, ya que la infecci\u00f3n por el VIH tiene tratamiento y no se transmite por el aire, el agua o gestos cotidianos como dar la mano. Nos corresponde a todos desmitificar el estigma, ya que es posible que la persona infectada sea nuestro familiar, amigo, vecino o compa\u00f1ero de trabajo. <a href=\"https:\/\/www.cdc.gov\/stophivtogether\/index.html\" target=\"_blank\" rel=\"noopener\">Inform\u00e9monos sobre el VIH <\/a> y divulguemos un mensaje claro y certero.<\/p>\n<p>[\/et_pb_text][et_pb_video src=\u00bbhttps:\/\/www.youtube.com\/watch?v=0iPjIHgGfPA\u00bb _builder_version=\u00bb4.19.5&#8243; _module_preset=\u00bbdefault\u00bb global_colors_info=\u00bb{}\u00bb][\/et_pb_video][\/et_pb_column][\/et_pb_row][\/et_pb_section]<\/p>\n","protected":false},"excerpt":{"rendered":"<p>\u00bfQu\u00e9 es el VIH? El virus de la inmunodeficiencia humana o VIH es un proceso infeccioso que ataca y debilita el sistema de defensas del organismo (sistema inmune), el cual se encarga de combatir las infecciones. En ausencia de tratamiento efectivo, la infecci\u00f3n produce el deterioro progresivo del sistema inmune y puede avanzar hacia la [&hellip;]<\/p>\n","protected":false},"author":15,"featured_media":0,"parent":0,"menu_order":0,"comment_status":"closed","ping_status":"closed","template":"","meta":{"_et_pb_use_builder":"on","_et_pb_old_content":"","_et_gb_content_width":"","footnotes":""},"class_list":["post-1669","page","type-page","status-publish","hentry"],"yoast_head":"<!-- This site is optimized with the Yoast SEO plugin v27.4 - https:\/\/yoast.com\/product\/yoast-seo-wordpress\/ -->\n<title>M\u00e1s informaci\u00f3n sobre el VIH - IWTK<\/title>\n<meta name=\"robots\" content=\"index, follow, max-snippet:-1, max-image-preview:large, max-video-preview:-1\" \/>\n<link rel=\"canonical\" href=\"https:\/\/iwantthekit.org\/es\/mas-informacion-sobre-el-vih\/\" \/>\n<meta property=\"og:locale\" content=\"es_ES\" \/>\n<meta property=\"og:type\" content=\"article\" \/>\n<meta property=\"og:title\" content=\"M\u00e1s informaci\u00f3n sobre el VIH - IWTK\" \/>\n<meta property=\"og:description\" content=\"\u00bfQu\u00e9 es el VIH? El virus de la inmunodeficiencia humana o VIH es un proceso infeccioso que ataca y debilita el sistema de defensas del organismo (sistema inmune), el cual se encarga de combatir las infecciones. En ausencia de tratamiento efectivo, la infecci\u00f3n produce el deterioro progresivo del sistema inmune y puede avanzar hacia la [&hellip;]\" \/>\n<meta property=\"og:url\" content=\"https:\/\/iwantthekit.org\/es\/mas-informacion-sobre-el-vih\/\" \/>\n<meta property=\"og:site_name\" content=\"IWTK\" \/>\n<meta property=\"article:modified_time\" content=\"2023-08-01T15:17:35+00:00\" \/>\n<meta name=\"twitter:card\" content=\"summary_large_image\" \/>\n<meta name=\"twitter:label1\" content=\"Tiempo de lectura\" \/>\n\t<meta name=\"twitter:data1\" content=\"6 minutos\" \/>\n<script type=\"application\/ld+json\" class=\"yoast-schema-graph\">{\"@context\":\"https:\\\/\\\/schema.org\",\"@graph\":[{\"@type\":\"WebPage\",\"@id\":\"https:\\\/\\\/iwantthekit.org\\\/es\\\/mas-informacion-sobre-el-vih\\\/\",\"url\":\"https:\\\/\\\/iwantthekit.org\\\/es\\\/mas-informacion-sobre-el-vih\\\/\",\"name\":\"M\u00e1s informaci\u00f3n sobre el VIH - IWTK\",\"isPartOf\":{\"@id\":\"https:\\\/\\\/iwantthekit.org\\\/es\\\/#website\"},\"datePublished\":\"2021-12-19T04:52:02+00:00\",\"dateModified\":\"2023-08-01T15:17:35+00:00\",\"inLanguage\":\"es\",\"potentialAction\":[{\"@type\":\"ReadAction\",\"target\":[\"https:\\\/\\\/iwantthekit.org\\\/es\\\/mas-informacion-sobre-el-vih\\\/\"]}]},{\"@type\":\"WebSite\",\"@id\":\"https:\\\/\\\/iwantthekit.org\\\/es\\\/#website\",\"url\":\"https:\\\/\\\/iwantthekit.org\\\/es\\\/\",\"name\":\"IWTK\",\"description\":\"Take Control, Know Your Status\",\"potentialAction\":[{\"@type\":\"SearchAction\",\"target\":{\"@type\":\"EntryPoint\",\"urlTemplate\":\"https:\\\/\\\/iwantthekit.org\\\/es\\\/?s={search_term_string}\"},\"query-input\":{\"@type\":\"PropertyValueSpecification\",\"valueRequired\":true,\"valueName\":\"search_term_string\"}}],\"inLanguage\":\"es\"}]}<\/script>\n<!-- \/ Yoast SEO plugin. -->","yoast_head_json":{"title":"M\u00e1s informaci\u00f3n sobre el VIH - IWTK","robots":{"index":"index","follow":"follow","max-snippet":"max-snippet:-1","max-image-preview":"max-image-preview:large","max-video-preview":"max-video-preview:-1"},"canonical":"https:\/\/iwantthekit.org\/es\/mas-informacion-sobre-el-vih\/","og_locale":"es_ES","og_type":"article","og_title":"M\u00e1s informaci\u00f3n sobre el VIH - IWTK","og_description":"\u00bfQu\u00e9 es el VIH? El virus de la inmunodeficiencia humana o VIH es un proceso infeccioso que ataca y debilita el sistema de defensas del organismo (sistema inmune), el cual se encarga de combatir las infecciones. En ausencia de tratamiento efectivo, la infecci\u00f3n produce el deterioro progresivo del sistema inmune y puede avanzar hacia la [&hellip;]","og_url":"https:\/\/iwantthekit.org\/es\/mas-informacion-sobre-el-vih\/","og_site_name":"IWTK","article_modified_time":"2023-08-01T15:17:35+00:00","twitter_card":"summary_large_image","twitter_misc":{"Tiempo de lectura":"6 minutos"},"schema":{"@context":"https:\/\/schema.org","@graph":[{"@type":"WebPage","@id":"https:\/\/iwantthekit.org\/es\/mas-informacion-sobre-el-vih\/","url":"https:\/\/iwantthekit.org\/es\/mas-informacion-sobre-el-vih\/","name":"M\u00e1s informaci\u00f3n sobre el VIH - IWTK","isPartOf":{"@id":"https:\/\/iwantthekit.org\/es\/#website"},"datePublished":"2021-12-19T04:52:02+00:00","dateModified":"2023-08-01T15:17:35+00:00","inLanguage":"es","potentialAction":[{"@type":"ReadAction","target":["https:\/\/iwantthekit.org\/es\/mas-informacion-sobre-el-vih\/"]}]},{"@type":"WebSite","@id":"https:\/\/iwantthekit.org\/es\/#website","url":"https:\/\/iwantthekit.org\/es\/","name":"IWTK","description":"Take Control, Know Your Status","potentialAction":[{"@type":"SearchAction","target":{"@type":"EntryPoint","urlTemplate":"https:\/\/iwantthekit.org\/es\/?s={search_term_string}"},"query-input":{"@type":"PropertyValueSpecification","valueRequired":true,"valueName":"search_term_string"}}],"inLanguage":"es"}]}},"_links":{"self":[{"href":"https:\/\/iwantthekit.org\/es\/wp-json\/wp\/v2\/pages\/1669","targetHints":{"allow":["GET"]}}],"collection":[{"href":"https:\/\/iwantthekit.org\/es\/wp-json\/wp\/v2\/pages"}],"about":[{"href":"https:\/\/iwantthekit.org\/es\/wp-json\/wp\/v2\/types\/page"}],"author":[{"embeddable":true,"href":"https:\/\/iwantthekit.org\/es\/wp-json\/wp\/v2\/users\/15"}],"replies":[{"embeddable":true,"href":"https:\/\/iwantthekit.org\/es\/wp-json\/wp\/v2\/comments?post=1669"}],"version-history":[{"count":0,"href":"https:\/\/iwantthekit.org\/es\/wp-json\/wp\/v2\/pages\/1669\/revisions"}],"wp:attachment":[{"href":"https:\/\/iwantthekit.org\/es\/wp-json\/wp\/v2\/media?parent=1669"}],"curies":[{"name":"wp","href":"https:\/\/api.w.org\/{rel}","templated":true}]}}