{"id":1657,"date":"2021-12-18T23:20:59","date_gmt":"2021-12-19T04:20:59","guid":{"rendered":"https:\/\/iwantthekit.org\/hagase-la-prueba\/"},"modified":"2025-05-06T15:31:53","modified_gmt":"2025-05-06T19:31:53","slug":"hagase-la-prueba","status":"publish","type":"page","link":"https:\/\/iwantthekit.org\/es\/hagase-la-prueba\/","title":{"rendered":"H\u00c1GASE LA PRUEBA"},"content":{"rendered":"<p>[et_pb_section fb_built=\u00bb1&#8243; _builder_version=\u00bb4.16&#8243; background_color=\u00bb#003664&#8243; global_colors_info=\u00bb{}\u00bb][et_pb_row _builder_version=\u00bb4.16&#8243; global_colors_info=\u00bb{}\u00bb][et_pb_column type=\u00bb4_4&#8243; _builder_version=\u00bb4.16&#8243; global_colors_info=\u00bb{}\u00bb]<\/p>\n<p>[et_pb_post_title meta=\u00bboff\u00bb _builder_version=\u00bb4.4.8&#8243; title_font=\u00bb|800||on|||||\u00bb title_text_color=\u00bb#ff9226&#8243; title_font_size=\u00bb55px\u00bb global_colors_info=\u00bb{}\u00bb][\/et_pb_post_title]<\/p>\n<p>[\/et_pb_column][\/et_pb_row][\/et_pb_section][et_pb_section fb_built=\u00bb1&#8243; _builder_version=\u00bb4.16&#8243; collapsed=\u00bboff\u00bb global_colors_info=\u00bb{}\u00bb][et_pb_row column_structure=\u00bb1_2,1_2&#8243; _builder_version=\u00bb4.16&#8243; collapsed=\u00bbon\u00bb global_colors_info=\u00bb{}\u00bb][et_pb_column type=\u00bb1_2&#8243; _builder_version=\u00bb4.16&#8243; global_colors_info=\u00bb{}\u00bb][et_pb_image src=\u00bbhttps:\/\/iwantthekit.org\/wp-content\/uploads\/2021\/09\/Person-in-Orange-Shirt.jpg\u00bb alt=\u00bbPersona con camisa naranja\u00bb title_text=\u00bbPersona con camisa naranja\u00bb force_fullwidth=\u00bbon\u00bb _builder_version=\u00bb4.16&#8243; global_colors_info=\u00bb{}\u00bb][\/et_pb_image][\/et_pb_column][et_pb_column type=\u00bb1_2&#8243; _builder_version=\u00bb4.16&#8243; global_colors_info=\u00bb{}\u00bb][et_pb_image src=\u00bbhttps:\/\/iwantthekit.org\/wp-content\/uploads\/2021\/09\/Person-in-White-Shirt.jpg\u00bb alt=\u00bbPersona con blusa blanca\u00bb title_text=\u00bbPersona con blusa blanca\u00bb force_fullwidth=\u00bbon\u00bb _builder_version=\u00bb4.16&#8243; global_colors_info=\u00bb{}\u00bb][\/et_pb_image][\/et_pb_column][\/et_pb_row][et_pb_row _builder_version=\u00bb4.16&#8243; collapsed=\u00bbon\u00bb global_colors_info=\u00bb{}\u00bb][et_pb_column type=\u00bb4_4&#8243; _builder_version=\u00bb4.16&#8243; global_colors_info=\u00bb{}\u00bb][et_pb_text _builder_version=\u00bb4.21.0&#8243; global_colors_info=\u00bb{}\u00bb]<\/p>\n<h2><strong>\u00bfMe dar\u00e9 cuenta si tengo una ITS?<\/strong><\/h2>\n<p><\/p>\n<p>Tal vez piense que se dar\u00eda cuenta si tiene una infecci\u00f3n de transmisi\u00f3n sexual (ITS). \u00a1Pero eso simplemente no es as\u00ed! Muchas ITS no causan s\u00edntomas o solo causan s\u00edntomas leves que puede pasar por alto o dejar de tener en cuenta. Si tiene relaciones sexuales, es buena idea hacerse una prueba de detecci\u00f3n de ITS, especialmente si alguna de estas cosas es cierta:<\/p>\n<p><\/p>\n<ul>\n<li>Tuvo relaciones sexuales con una nueva pareja.<\/li>\n<li>Est\u00e1 pensando en tener relaciones sexuales con una nueva pareja. Su nueva pareja tambi\u00e9n debe hacerse la prueba de detecci\u00f3n antes de tener relaciones sexuales.<\/li>\n<li>Tiene m\u00faltiples parejas.<\/li>\n<li>Usted y su(s) pareja(s) no usan condones.<\/li>\n<li>Tiene s\u00edntomas de alguna ITS.<\/li>\n<li>Ha recibido tratamiento para alguna ITS y han pasado tres meses desde que termin\u00f3 su tratamiento.<\/li>\n<li>Tiene menos de 25 a\u00f1os.<\/li>\n<li>Usted es un hombre o una mujer trans que tiene relaciones sexuales con personas que se identifican como hombres.<\/li>\n<li>Tiene relaciones sexuales a cambio de cosas como comida,\u00a0 refugio, dinero o drogas.<\/li>\n<li>Actualmente mantiene relaciones sexuales y nunca se ha hecho una prueba de detecci\u00f3n de ITS.<\/li>\n<\/ul>\n<p><\/p>\n<p>Si es usuario de drogas intravenosas (i.v.), tambi\u00e9n tiene un mayor riesgo de contraer el VIH. En IWTK, reconocemos que las desigualdades sociales, econ\u00f3micas y del sistema de salud, contribuyen al \u201criesgo\u201d de contraer ITS en ciertas comunidades. Estos riesgos se suman y agravan los riesgos individuales. Por razones pr\u00e1cticas, los riesgos mencionados aqu\u00ed solamente se basan en las conductas individuales.<\/p>\n<p>[\/et_pb_text][et_pb_cta button_url=\u00bbhttps:\/\/www.cdc.gov\/std\/healthcomm\/stdfact-stdriskandoralsex.htm\u00bb button_text=\u00bbHaga clic aqu\u00ed\u00bb disabled_on=\u00bboff|on|on\u00bb _builder_version=\u00bb4.16&#8243; background_color=\u00bb#51B0DB\u00bb custom_button=\u00bbon\u00bb button_border_width=\u00bb1px\u00bb button_border_radius=\u00bb100px\u00bb button_font=\u00bb|300|||||||\u00bb button_icon=\u00bb&#xe03c;||divi||400&#8243; button_icon_color=\u00bb#003664&#8243; width_tablet=\u00bb\u00bb width_phone=\u00bb100%\u00bb width_last_edited=\u00bbon|desktop\u00bb module_alignment=\u00bbright\u00bb height=\u00bb540px\u00bb custom_padding=\u00bb|15px||15px|false|false\u00bb text_orientation_tablet=\u00bbcenter\u00bb text_orientation_phone=\u00bb\u00bb text_orientation_last_edited=\u00bbon|tablet\u00bb module_alignment_tablet=\u00bbcenter\u00bb module_alignment_phone=\u00bb\u00bb module_alignment_last_edited=\u00bbon|tablet\u00bb global_colors_info=\u00bb{}\u00bb]<\/p>\n<p><img loading=\"lazy\" decoding=\"async\" class=\"wp-image-1020 alignnone size-medium\" src=\"https:\/\/iwantthekit.org\/wp-content\/uploads\/2020\/10\/image-300x261.png\" alt=\"\" width=\"365\" height=\"317\" \/> \u00bfSe pueden transmitir las ITS a trav\u00e9s del sexo oral? \u00a1La respuesta es s\u00ed! Muchas ITS se pueden transmitir de esta manera.<\/p>\n<p>[\/et_pb_cta][et_pb_text _builder_version=\u00bb4.21.0&#8243; global_colors_info=\u00bb{}\u00bb]<\/p>\n<h2><strong>Hacerse la prueba usando IWTK <\/strong><\/h2>\n<p><\/p>\n<p class=\"p1\">En IWTK actualmente ofrecemos a nuestros usuarios pruebas para clamidia [cla-mid-i-a] y gonorrea [go-no-rre-a]. Estas son dos de las ITS m\u00e1s comunes. Tambi\u00e9n ofrecemos pruebas de tricomoniasis [tri-co-mo-ni-a] para mujeres y kits de prueba de VIH en casa para residentes de la ciudad de Baltimore. No realizamos pruebas para otras ITS, aunque podr\u00edamos hacerlo en el futuro. Si deseas hacerte pruebas para otras ITS, debes acudir a una cl\u00ednica de ITS, una cl\u00ednica de salud o con tu m\u00e9dico personal.<\/p>\n<p><\/p>\n<p class=\"p1\">Actualmente <span class=\"s1\"><b>no<\/b><\/span> podemos hacer pruebas a personas que vivan fuera de Maryland, Oklahoma, Kansas, Alaska, Nuevo M\u00e9xico, Utah, Nevada, Nebraska, Iowa, Dakota del Sur, Dakota del Norte, Oreg\u00f3n, Idaho o Arizona. Hay algunas otras cosas importantes que debes saber sobre los pedidos en IWTK:<\/p>\n<p><\/p>\n<ul>\n<li>\n<p class=\"p1\">Debes tener <span class=\"s1\"><b>al menos 14 a\u00f1os<\/b><\/span> para pedir un kit de prueba de ITS y <span class=\"s1\"><b>al menos 17 a\u00f1os<\/b><\/span> para pedir un kit de prueba de VIH para uso en casa.<\/p>\n<\/li>\n<li>\n<p class=\"p1\"><span class=\"s1\"><b>No puedes pedir un kit para otra persona.<\/b><\/span> Cada usuario debe crear su propia cuenta y pedir su propio kit.<\/p>\n<\/li>\n<li>\n<p class=\"p1\">Es importante que nos des tu <span class=\"s1\"><b>nombre completo y direcci\u00f3n completa<\/b><\/span> al hacer tu pedido. Esto ayudar\u00e1 a asegurar que el kit sea entregado por el servicio postal.<\/p>\n<\/li>\n<li>\n<p class=\"p1\">Si pides un kit pero no devuelves tu(s) muestra(s) para an\u00e1lisis, <span class=\"s1\"><b>no podr\u00e1s pedir otro kit<\/b><\/span> hasta que lo devuelvas o te <a href=\"https:\/\/iwantthekit.org\/es\/contactenos\/\">comuniques con nosotros<\/a>.<\/p>\n<\/li>\n<li>\n<p class=\"p1\"><span class=\"s1\"><b>\u00a1Todo es gratis!<\/b><\/span> El kit, las pruebas y el env\u00edo. Los resultados son confiables. \u00a1Y nadie tiene que saberlo! <a href=\"https:\/\/iwtk-app.iwantthekit.org\/\"><b>\u00a1Haz tu pedido ahora!<\/b><\/a><\/p>\n<\/li>\n<\/ul>\n<p>[\/et_pb_text][\/et_pb_column][\/et_pb_row][et_pb_row column_structure=\u00bb1_2,1_2&#8243; use_custom_gutter=\u00bbon\u00bb gutter_width=\u00bb2&#8243; _builder_version=\u00bb4.16&#8243; global_colors_info=\u00bb{}\u00bb][et_pb_column type=\u00bb1_2&#8243; _builder_version=\u00bb4.16&#8243; global_colors_info=\u00bb{}\u00bb][et_pb_cta button_url=\u00bbhttps:\/\/www.cdc.gov\/sti\/about\/about-sti-risk-and-oral-sex.html\u00bb button_text=\u00bbHaga clic aqu\u00ed\u00bb disabled_on=\u00bbon|off|off\u00bb _builder_version=\u00bb4.27.4&#8243; background_color=\u00bb#51B0DB\u00bb custom_button=\u00bbon\u00bb button_border_width=\u00bb1px\u00bb button_border_radius=\u00bb100px\u00bb button_font=\u00bb|300|||||||\u00bb button_icon=\u00bb&#xe03c;||divi||400&#8243; button_icon_color=\u00bb#003664&#8243; text_orientation=\u00bbleft\u00bb width=\u00bb70%\u00bb width_tablet=\u00bb\u00bb width_phone=\u00bb100%\u00bb width_last_edited=\u00bbon|phone\u00bb module_alignment=\u00bbright\u00bb height=\u00bb600px\u00bb custom_padding=\u00bb|15px||15px|false|false\u00bb text_orientation_tablet=\u00bbcenter\u00bb text_orientation_phone=\u00bb\u00bb text_orientation_last_edited=\u00bbon|tablet\u00bb module_alignment_tablet=\u00bbcenter\u00bb module_alignment_phone=\u00bb\u00bb module_alignment_last_edited=\u00bbon|tablet\u00bb global_colors_info=\u00bb{}\u00bb]<\/p>\n<p><img loading=\"lazy\" decoding=\"async\" class=\"wp-image-1092 alignnone size-medium\" title=\"Persona con blusa gris\" src=\"https:\/\/iwantthekit.org\/wp-content\/uploads\/2021\/09\/Person-in-Grey-Shirt.jpg\" alt=\"Persona con blusa gris\" width=\"329\" height=\"311\" \/><\/p>\n<p><\/p>\n<p>\u00bfSe pueden transmitir las ITS a trav\u00e9s del sexo oral? \u00a1La respuesta es s\u00ed! Muchas ITS se pueden transmitir de esta manera.<\/p>\n<p>[\/et_pb_cta][et_pb_code _builder_version=\u00bb4.27.4&#8243; global_colors_info=\u00bb{}\u00bb][\/et_pb_code][et_pb_code _builder_version=\u00bb4.16&#8243; global_colors_info=\u00bb{}\u00bb][\/et_pb_code][\/et_pb_column][et_pb_column type=\u00bb1_2&#8243; _builder_version=\u00bb4.16&#8243; global_colors_info=\u00bb{}\u00bb][et_pb_cta button_url=\u00bbhttps:\/\/www.cdc.gov\/std\/healthcomm\/stdfact-stdriskandoralsex.htm\u00bb _builder_version=\u00bb4.27.4&#8243; background_color=\u00bb#FF9226&#8243; custom_button=\u00bbon\u00bb button_border_width=\u00bb1px\u00bb button_border_radius=\u00bb100px\u00bb button_font=\u00bb|300|||||||\u00bb button_icon=\u00bb&#xe03c;||divi||400&#8243; button_icon_color=\u00bb#003664&#8243; width=\u00bb70%\u00bb width_tablet=\u00bb\u00bb width_phone=\u00bb100%\u00bb width_last_edited=\u00bbon|phone\u00bb height=\u00bb600px\u00bb custom_padding=\u00bb|5px||5px|false|false\u00bb text_orientation_tablet=\u00bbcenter\u00bb text_orientation_phone=\u00bb\u00bb text_orientation_last_edited=\u00bbon|tablet\u00bb module_alignment_tablet=\u00bbcenter\u00bb module_alignment_phone=\u00bb\u00bb module_alignment_last_edited=\u00bbon|tablet\u00bb custom_css_promo_button=\u00bbposition: absolute;||bottom: 40px;\u00bb global_colors_info=\u00bb{}\u00bb]<\/p>\n<p><img loading=\"lazy\" decoding=\"async\" class=\"wp-image-3754 alignnone \" src=\"https:\/\/iwantthekit.org\/wp-content\/uploads\/2025\/02\/Happy-diverse-people.jpg\" alt=\"\" width=\"218\" height=\"235\" \/><\/p>\n<p><\/p>\n<p style=\"text-align: center;\"><strong>Encuentra un sitio de pruebas de ETS <a href=\"https:\/\/gettested.cdc.gov\/\">cerca de ti<\/a>.<\/strong><\/p>\n<p><\/p>\n<p class=\"p1\" style=\"text-align: center;\">Si vives en un estado distinto de los que cubrimos a trav\u00e9s de IWTK, hay lugares donde puedes hacerte la prueba.<\/p>\n<p>[\/et_pb_cta][\/et_pb_column][\/et_pb_row][\/et_pb_section]<\/p>\n","protected":false},"excerpt":{"rendered":"<p>\u00bfMe dar\u00e9 cuenta si tengo una ITS?Tal vez piense que se dar\u00eda cuenta si tiene una infecci\u00f3n de transmisi\u00f3n sexual (ITS). \u00a1Pero eso simplemente no es as\u00ed! Muchas ITS no causan s\u00edntomas o solo causan s\u00edntomas leves que puede pasar por alto o dejar de tener en cuenta. Si tiene relaciones sexuales, es buena idea [&hellip;]<\/p>\n","protected":false},"author":15,"featured_media":0,"parent":0,"menu_order":0,"comment_status":"closed","ping_status":"closed","template":"","meta":{"_et_pb_use_builder":"on","_et_pb_old_content":"<!-- wp:divi\/placeholder \/-->","_et_gb_content_width":"","footnotes":""},"class_list":["post-1657","page","type-page","status-publish","hentry"],"yoast_head":"<!-- This site is optimized with the Yoast SEO plugin v27.3 - https:\/\/yoast.com\/product\/yoast-seo-wordpress\/ -->\n<title>H\u00c1GASE LA PRUEBA - IWTK<\/title>\n<meta name=\"robots\" content=\"index, follow, max-snippet:-1, max-image-preview:large, max-video-preview:-1\" \/>\n<link rel=\"canonical\" href=\"https:\/\/iwantthekit.org\/es\/hagase-la-prueba\/\" \/>\n<meta property=\"og:locale\" content=\"es_ES\" \/>\n<meta property=\"og:type\" content=\"article\" \/>\n<meta property=\"og:title\" content=\"H\u00c1GASE LA PRUEBA - IWTK\" \/>\n<meta property=\"og:description\" content=\"\u00bfMe dar\u00e9 cuenta si tengo una ITS?Tal vez piense que se dar\u00eda cuenta si tiene una infecci\u00f3n de transmisi\u00f3n sexual (ITS). \u00a1Pero eso simplemente no es as\u00ed! Muchas ITS no causan s\u00edntomas o solo causan s\u00edntomas leves que puede pasar por alto o dejar de tener en cuenta. Si tiene relaciones sexuales, es buena idea [&hellip;]\" \/>\n<meta property=\"og:url\" content=\"https:\/\/iwantthekit.org\/es\/hagase-la-prueba\/\" \/>\n<meta property=\"og:site_name\" content=\"IWTK\" \/>\n<meta property=\"article:modified_time\" content=\"2025-05-06T19:31:53+00:00\" \/>\n<meta property=\"og:image\" content=\"https:\/\/iwantthekit.org\/wp-content\/uploads\/2020\/10\/image-300x261.png\" \/>\n<meta name=\"twitter:card\" content=\"summary_large_image\" \/>\n<meta name=\"twitter:label1\" content=\"Tiempo de lectura\" \/>\n\t<meta name=\"twitter:data1\" content=\"6 minutos\" \/>\n<script type=\"application\/ld+json\" class=\"yoast-schema-graph\">{\"@context\":\"https:\\\/\\\/schema.org\",\"@graph\":[{\"@type\":\"WebPage\",\"@id\":\"https:\\\/\\\/iwantthekit.org\\\/es\\\/hagase-la-prueba\\\/\",\"url\":\"https:\\\/\\\/iwantthekit.org\\\/es\\\/hagase-la-prueba\\\/\",\"name\":\"H\u00c1GASE LA PRUEBA - IWTK\",\"isPartOf\":{\"@id\":\"https:\\\/\\\/iwantthekit.org\\\/es\\\/#website\"},\"primaryImageOfPage\":{\"@id\":\"https:\\\/\\\/iwantthekit.org\\\/es\\\/hagase-la-prueba\\\/#primaryimage\"},\"image\":{\"@id\":\"https:\\\/\\\/iwantthekit.org\\\/es\\\/hagase-la-prueba\\\/#primaryimage\"},\"thumbnailUrl\":\"https:\\\/\\\/iwantthekit.org\\\/wp-content\\\/uploads\\\/2020\\\/10\\\/image-300x261.png\",\"datePublished\":\"2021-12-19T04:20:59+00:00\",\"dateModified\":\"2025-05-06T19:31:53+00:00\",\"inLanguage\":\"es\",\"potentialAction\":[{\"@type\":\"ReadAction\",\"target\":[\"https:\\\/\\\/iwantthekit.org\\\/es\\\/hagase-la-prueba\\\/\"]}]},{\"@type\":\"ImageObject\",\"inLanguage\":\"es\",\"@id\":\"https:\\\/\\\/iwantthekit.org\\\/es\\\/hagase-la-prueba\\\/#primaryimage\",\"url\":\"https:\\\/\\\/iwantthekit.org\\\/wp-content\\\/uploads\\\/2020\\\/10\\\/image-300x261.png\",\"contentUrl\":\"https:\\\/\\\/iwantthekit.org\\\/wp-content\\\/uploads\\\/2020\\\/10\\\/image-300x261.png\"},{\"@type\":\"WebSite\",\"@id\":\"https:\\\/\\\/iwantthekit.org\\\/es\\\/#website\",\"url\":\"https:\\\/\\\/iwantthekit.org\\\/es\\\/\",\"name\":\"IWTK\",\"description\":\"Take Control, Know Your Status\",\"potentialAction\":[{\"@type\":\"SearchAction\",\"target\":{\"@type\":\"EntryPoint\",\"urlTemplate\":\"https:\\\/\\\/iwantthekit.org\\\/es\\\/?s={search_term_string}\"},\"query-input\":{\"@type\":\"PropertyValueSpecification\",\"valueRequired\":true,\"valueName\":\"search_term_string\"}}],\"inLanguage\":\"es\"}]}<\/script>\n<!-- \/ Yoast SEO plugin. -->","yoast_head_json":{"title":"H\u00c1GASE LA PRUEBA - IWTK","robots":{"index":"index","follow":"follow","max-snippet":"max-snippet:-1","max-image-preview":"max-image-preview:large","max-video-preview":"max-video-preview:-1"},"canonical":"https:\/\/iwantthekit.org\/es\/hagase-la-prueba\/","og_locale":"es_ES","og_type":"article","og_title":"H\u00c1GASE LA PRUEBA - IWTK","og_description":"\u00bfMe dar\u00e9 cuenta si tengo una ITS?Tal vez piense que se dar\u00eda cuenta si tiene una infecci\u00f3n de transmisi\u00f3n sexual (ITS). \u00a1Pero eso simplemente no es as\u00ed! Muchas ITS no causan s\u00edntomas o solo causan s\u00edntomas leves que puede pasar por alto o dejar de tener en cuenta. Si tiene relaciones sexuales, es buena idea [&hellip;]","og_url":"https:\/\/iwantthekit.org\/es\/hagase-la-prueba\/","og_site_name":"IWTK","article_modified_time":"2025-05-06T19:31:53+00:00","og_image":[{"url":"https:\/\/iwantthekit.org\/wp-content\/uploads\/2020\/10\/image-300x261.png","type":"","width":"","height":""}],"twitter_card":"summary_large_image","twitter_misc":{"Tiempo de lectura":"6 minutos"},"schema":{"@context":"https:\/\/schema.org","@graph":[{"@type":"WebPage","@id":"https:\/\/iwantthekit.org\/es\/hagase-la-prueba\/","url":"https:\/\/iwantthekit.org\/es\/hagase-la-prueba\/","name":"H\u00c1GASE LA PRUEBA - IWTK","isPartOf":{"@id":"https:\/\/iwantthekit.org\/es\/#website"},"primaryImageOfPage":{"@id":"https:\/\/iwantthekit.org\/es\/hagase-la-prueba\/#primaryimage"},"image":{"@id":"https:\/\/iwantthekit.org\/es\/hagase-la-prueba\/#primaryimage"},"thumbnailUrl":"https:\/\/iwantthekit.org\/wp-content\/uploads\/2020\/10\/image-300x261.png","datePublished":"2021-12-19T04:20:59+00:00","dateModified":"2025-05-06T19:31:53+00:00","inLanguage":"es","potentialAction":[{"@type":"ReadAction","target":["https:\/\/iwantthekit.org\/es\/hagase-la-prueba\/"]}]},{"@type":"ImageObject","inLanguage":"es","@id":"https:\/\/iwantthekit.org\/es\/hagase-la-prueba\/#primaryimage","url":"https:\/\/iwantthekit.org\/wp-content\/uploads\/2020\/10\/image-300x261.png","contentUrl":"https:\/\/iwantthekit.org\/wp-content\/uploads\/2020\/10\/image-300x261.png"},{"@type":"WebSite","@id":"https:\/\/iwantthekit.org\/es\/#website","url":"https:\/\/iwantthekit.org\/es\/","name":"IWTK","description":"Take Control, Know Your Status","potentialAction":[{"@type":"SearchAction","target":{"@type":"EntryPoint","urlTemplate":"https:\/\/iwantthekit.org\/es\/?s={search_term_string}"},"query-input":{"@type":"PropertyValueSpecification","valueRequired":true,"valueName":"search_term_string"}}],"inLanguage":"es"}]}},"_links":{"self":[{"href":"https:\/\/iwantthekit.org\/es\/wp-json\/wp\/v2\/pages\/1657","targetHints":{"allow":["GET"]}}],"collection":[{"href":"https:\/\/iwantthekit.org\/es\/wp-json\/wp\/v2\/pages"}],"about":[{"href":"https:\/\/iwantthekit.org\/es\/wp-json\/wp\/v2\/types\/page"}],"author":[{"embeddable":true,"href":"https:\/\/iwantthekit.org\/es\/wp-json\/wp\/v2\/users\/15"}],"replies":[{"embeddable":true,"href":"https:\/\/iwantthekit.org\/es\/wp-json\/wp\/v2\/comments?post=1657"}],"version-history":[{"count":0,"href":"https:\/\/iwantthekit.org\/es\/wp-json\/wp\/v2\/pages\/1657\/revisions"}],"wp:attachment":[{"href":"https:\/\/iwantthekit.org\/es\/wp-json\/wp\/v2\/media?parent=1657"}],"curies":[{"name":"wp","href":"https:\/\/api.w.org\/{rel}","templated":true}]}}