{"id":1640,"date":"2021-12-18T14:13:01","date_gmt":"2021-12-18T19:13:01","guid":{"rendered":"https:\/\/iwantthekit.org\/contactenos\/"},"modified":"2023-02-02T09:17:06","modified_gmt":"2023-02-02T14:17:06","slug":"contactenos","status":"publish","type":"page","link":"https:\/\/iwantthekit.org\/es\/contactenos\/","title":{"rendered":"CONT\u00c1CTENOS"},"content":{"rendered":"<p>[et_pb_section fb_built=\u00bb1&#8243; _builder_version=\u00bb4.16&#8243; background_color=\u00bb#003664&#8243; global_colors_info=\u00bb{}\u00bb][et_pb_row _builder_version=\u00bb4.16&#8243; global_colors_info=\u00bb{}\u00bb][et_pb_column type=\u00bb4_4&#8243; _builder_version=\u00bb4.16&#8243; global_colors_info=\u00bb{}\u00bb]<\/p>\n<p>[et_pb_post_title meta=\u00bboff\u00bb _builder_version=\u00bb4.4.8&#8243; title_font=\u00bb|800||on|||||\u00bb title_text_color=\u00bb#ff9226&#8243; title_font_size=\u00bb55px\u00bb][\/et_pb_post_title]<\/p>\n<p>[\/et_pb_column][\/et_pb_row][\/et_pb_section][et_pb_section fb_built=\u00bb1&#8243; _builder_version=\u00bb4.16&#8243; global_colors_info=\u00bb{}\u00bb][et_pb_row _builder_version=\u00bb4.16&#8243; global_colors_info=\u00bb{}\u00bb][et_pb_column type=\u00bb4_4&#8243; _builder_version=\u00bb4.16&#8243; global_colors_info=\u00bb{}\u00bb][et_pb_text _builder_version=\u00bb4.19.5&#8243; hover_enabled=\u00bb0&#8243; global_colors_info=\u00bb{}\u00bb sticky_enabled=\u00bb0&#8243;]<\/p>\n<p>Por favor cont\u00e1ctenos si tiene cualquier pregunta o inquietud. Tenga en cuenta que no proporcionamos ning\u00fan consejo m\u00e9dico. Si necesita un consejo m\u00e9dico, por favor comun\u00edquese con una cl\u00ednica local de ITS o con su proveedor de atenci\u00f3n m\u00e9dica. Si lo prefiere, tambi\u00e9n puede comunicarse con nosotros por correo electr\u00f3nico a: <a href=\"mailto:iwantthekit@jhmi.edu\">iwantthekit@jhmi.edu<\/a> Nuestro objetivo es responder a todas sus preguntas e inquietudes \u00a0dentro de 2 d\u00edas h\u00e1biles.<\/p>\n<p><strong>Solo para residents de Alaska:<\/strong>\u00a0env\u00ede un correo electr\u00f3nico al Programa ANTHC STD a\u00a0<a href=\"mailto:iwantthekitAlaska@anthc.org\">iwantthekitAlaska@anthc.org<\/a>\u00a0con cualquier pregunta o llame al n\u00famero gratuito 877-334-8762.<\/p>\n<p>[\/et_pb_text][et_pb_code _builder_version=\u00bb4.16&#8243; global_colors_info=\u00bb{}\u00bb]<script type=\"text\/javascript\">\n\/* <![CDATA[ *\/\nvar gform;gform||(document.addEventListener(\"gform_main_scripts_loaded\",function(){gform.scriptsLoaded=!0}),document.addEventListener(\"gform\/theme\/scripts_loaded\",function(){gform.themeScriptsLoaded=!0}),window.addEventListener(\"DOMContentLoaded\",function(){gform.domLoaded=!0}),gform={domLoaded:!1,scriptsLoaded:!1,themeScriptsLoaded:!1,isFormEditor:()=>\"function\"==typeof InitializeEditor,callIfLoaded:function(o){return!(!gform.domLoaded||!gform.scriptsLoaded||!gform.themeScriptsLoaded&&!gform.isFormEditor()||(gform.isFormEditor()&&console.warn(\"The use of gform.initializeOnLoaded() is deprecated in the form editor context and will be removed in Gravity Forms 3.1.\"),o(),0))},initializeOnLoaded:function(o){gform.callIfLoaded(o)||(document.addEventListener(\"gform_main_scripts_loaded\",()=>{gform.scriptsLoaded=!0,gform.callIfLoaded(o)}),document.addEventListener(\"gform\/theme\/scripts_loaded\",()=>{gform.themeScriptsLoaded=!0,gform.callIfLoaded(o)}),window.addEventListener(\"DOMContentLoaded\",()=>{gform.domLoaded=!0,gform.callIfLoaded(o)}))},hooks:{action:{},filter:{}},addAction:function(o,r,e,t){gform.addHook(\"action\",o,r,e,t)},addFilter:function(o,r,e,t){gform.addHook(\"filter\",o,r,e,t)},doAction:function(o){gform.doHook(\"action\",o,arguments)},applyFilters:function(o){return gform.doHook(\"filter\",o,arguments)},removeAction:function(o,r){gform.removeHook(\"action\",o,r)},removeFilter:function(o,r,e){gform.removeHook(\"filter\",o,r,e)},addHook:function(o,r,e,t,n){null==gform.hooks[o][r]&&(gform.hooks[o][r]=[]);var d=gform.hooks[o][r];null==n&&(n=r+\"_\"+d.length),gform.hooks[o][r].push({tag:n,callable:e,priority:t=null==t?10:t})},doHook:function(r,o,e){var t;if(e=Array.prototype.slice.call(e,1),null!=gform.hooks[r][o]&&((o=gform.hooks[r][o]).sort(function(o,r){return o.priority-r.priority}),o.forEach(function(o){\"function\"!=typeof(t=o.callable)&&(t=window[t]),\"action\"==r?t.apply(null,e):e[0]=t.apply(null,e)})),\"filter\"==r)return e[0]},removeHook:function(o,r,t,n){var e;null!=gform.hooks[o][r]&&(e=(e=gform.hooks[o][r]).filter(function(o,r,e){return!!(null!=n&&n!=o.tag||null!=t&&t!=o.priority)}),gform.hooks[o][r]=e)}});\n\/* ]]> *\/\n<\/script>\n\n                <div class='gf_browser_gecko gform_wrapper gform_legacy_markup_wrapper gform-theme--no-framework' data-form-theme='legacy' data-form-index='0' id='gform_wrapper_1' style='display:none'><div id='gf_1' class='gform_anchor' tabindex='-1'><\/div><form method='post' enctype='multipart\/form-data' target='gform_ajax_frame_1' id='gform_1'  action='\/es\/wp-json\/wp\/v2\/pages\/1640#gf_1' data-formid='1' novalidate>\n                        <div class='gform-body gform_body'><ul id='gform_fields_1' class='gform_fields top_label form_sublabel_below description_below validation_below'><li id=\"field_1_8\" class=\"gfield gfield--type-select gfield--width-full gfield_contains_required field_sublabel_below gfield--no-description field_description_below field_validation_below gfield_visibility_visible\"  ><label class='gfield_label gform-field-label' for='input_1_8'>En qu\u00e9 Estado vive?<span class=\"gfield_required\"><span class=\"gfield_required gfield_required_asterisk\">*<\/span><\/span><\/label><div class='ginput_container ginput_container_select'><select name='input_8' id='input_1_8' class='large gfield_select'    aria-required=\"true\" aria-invalid=\"false\" ><option value='' selected='selected' class='gf_placeholder'>Seleccione su Estado<\/option><option value='Alabama' >Alabama<\/option><option value='Alaska' >Alaska<\/option><option value='Arizona' >Arizona<\/option><option value='Arkansas' >Arkansas<\/option><option value='California' >California<\/option><option value='Colorado' >Colorado<\/option><option value='Connecticut' >Connecticut<\/option><option value='Delaware' >Delaware<\/option><option value='District of Columbia' >District of Columbia<\/option><option value='Florida' >Florida<\/option><option value='Georgia' >Georgia<\/option><option value='Hawaii' >Hawaii<\/option><option value='Idaho' >Idaho<\/option><option value='Illinois' >Illinois<\/option><option value='Indiana' >Indiana<\/option><option value='Iowa' >Iowa<\/option><option value='Kansas' >Kansas<\/option><option value='Kentucky' >Kentucky<\/option><option value='Louisiana' >Louisiana<\/option><option value='Maine' >Maine<\/option><option value='Maryland' >Maryland<\/option><option value='Massachusetts' >Massachusetts<\/option><option value='Michigan' >Michigan<\/option><option value='Minnesota' >Minnesota<\/option><option value='Mississippi' >Mississippi<\/option><option value='Missouri' >Missouri<\/option><option value='Montana' >Montana<\/option><option value='Nebraska' >Nebraska<\/option><option value='Nevada' >Nevada<\/option><option value='New Hampshire' >New Hampshire<\/option><option value='New Jersey' >New Jersey<\/option><option value='New Mexico' >New Mexico<\/option><option value='New York' >New York<\/option><option value='North Carolina' >North Carolina<\/option><option value='North Dakota' >North Dakota<\/option><option value='Ohio' >Ohio<\/option><option value='Oklahoma' >Oklahoma<\/option><option value='Oregon' >Oregon<\/option><option value='Pennsylvania' >Pennsylvania<\/option><option value='Rhode Island' >Rhode Island<\/option><option value='South Carolina' >South Carolina<\/option><option value='South Dakota' >South Dakota<\/option><option value='Tennessee' >Tennessee<\/option><option value='Texas' >Texas<\/option><option value='Utah' >Utah<\/option><option value='Vermont' >Vermont<\/option><option value='Virginia' >Virginia<\/option><option value='Washington' >Washington<\/option><option value='West Virginia' >West Virginia<\/option><option value='Wisconsin' >Wisconsin<\/option><option value='Wyoming' >Wyoming<\/option><\/select><\/div><\/li><li id=\"field_1_7\" class=\"gfield gfield--type-html gfield_html gfield_html_formatted gfield_no_follows_desc field_sublabel_below gfield--no-description field_description_below field_validation_below gfield_visibility_visible\"  ><p>env\u00ede un correo electr\u00f3nico al Programa ANTHSC STD a <a href=\"mailto:iwantthekitAlaska@anthc.org\">iwantthekitAlaska@anthc.org<\/a> con cualquier pregunta o llame al n\u00famero gratuito 877-334-8762.<\/p><\/li><li id=\"field_1_1\" class=\"gfield gfield--type-name field_sublabel_below gfield--no-description field_description_below field_validation_below gfield_visibility_visible\"  ><label class='gfield_label gform-field-label gfield_label_before_complex' >Nombre<\/label><div class='ginput_complex ginput_container ginput_container--name no_prefix has_first_name no_middle_name has_last_name no_suffix gf_name_has_2 ginput_container_name gform-grid-row' id='input_1_1'>\n                            \n                            <span id='input_1_1_3_container' class='name_first gform-grid-col gform-grid-col--size-auto' >\n                                                    <input type='text' name='input_1.3' id='input_1_1_3' value=''   aria-required='false'     \/>\n                                                    <label for='input_1_1_3' class='gform-field-label gform-field-label--type-sub '>Nombre<\/label>\n                                                <\/span>\n                            \n                            <span id='input_1_1_6_container' class='name_last gform-grid-col gform-grid-col--size-auto' >\n                                                    <input type='text' name='input_1.6' id='input_1_1_6' value=''   aria-required='false'     \/>\n                                                    <label for='input_1_1_6' class='gform-field-label gform-field-label--type-sub '>Apellidos<\/label>\n                                                <\/span>\n                            \n                        <\/div><\/li><li id=\"field_1_2\" class=\"gfield gfield--type-email gfield_contains_required field_sublabel_below gfield--no-description field_description_below field_validation_below gfield_visibility_visible\"  ><label class='gfield_label gform-field-label' for='input_1_2'>Correo electr\u00f3nico<span class=\"gfield_required\"><span class=\"gfield_required gfield_required_asterisk\">*<\/span><\/span><\/label><div class='ginput_container ginput_container_email'>\n                            <input name='input_2' id='input_1_2' type='email' value='' class='large'    aria-required=\"true\" aria-invalid=\"false\"  \/>\n                        <\/div><\/li><li id=\"field_1_3\" class=\"gfield gfield--type-textarea gfield_contains_required field_sublabel_below gfield--no-description field_description_below field_validation_below gfield_visibility_visible\"  ><label class='gfield_label gform-field-label' for='input_1_3'>Su comentario<span class=\"gfield_required\"><span class=\"gfield_required gfield_required_asterisk\">*<\/span><\/span><\/label><div class='ginput_container ginput_container_textarea'><textarea name='input_3' id='input_1_3' class='textarea large'     aria-required=\"true\" aria-invalid=\"false\"   rows='10' cols='50'><\/textarea><\/div><\/li><li id=\"field_1_4\" class=\"gfield gfield--type-captcha field_sublabel_below gfield--no-description field_description_below hidden_label field_validation_below gfield_visibility_visible\"  ><label class='gfield_label gform-field-label' for='input_1_4'>No soy un robot<\/label><div id='input_1_4' class='ginput_container ginput_recaptcha' data-sitekey='6Lc8GtkaAAAAAJgdlLfjdPp9gg7qSZSTFp1kelMu'  data-theme='light' data-tabindex='0'  data-badge=''><\/div><\/li><li id=\"field_1_6\" class=\"gfield gfield--type-radio gfield--type-choice gfield--width-full gf_list_inline field_sublabel_below gfield--no-description field_description_below field_validation_below gfield_visibility_hidden\"  ><div class=\"admin-hidden-markup\"><i class=\"gform-icon gform-icon--hidden\" aria-hidden=\"true\" title=\"Este campo est\u00e1 oculto cuando se visualiza el formulario\"><\/i><span>Este campo est\u00e1 oculto cuando se visualiza el formulario<\/span><\/div><label class='gfield_label gform-field-label' >\u00bfEn qu\u00e9 estado Vives?<\/label><div class='ginput_container ginput_container_radio'><ul class='gfield_radio' id='input_1_6'>\n\t\t\t<li class='gchoice gchoice_1_6_0'>\n\t\t\t\t<input name='input_6' type='radio' value='Alaska'  id='choice_1_6_0'    \/>\n\t\t\t\t<label for='choice_1_6_0' id='label_1_6_0' class='gform-field-label gform-field-label--type-inline'>Alaska<\/label>\n\t\t\t<\/li>\n\t\t\t<li class='gchoice gchoice_1_6_1'>\n\t\t\t\t<input name='input_6' type='radio' value='Arizona'  id='choice_1_6_1'    \/>\n\t\t\t\t<label for='choice_1_6_1' id='label_1_6_1' class='gform-field-label gform-field-label--type-inline'>Arizona<\/label>\n\t\t\t<\/li>\n\t\t\t<li class='gchoice gchoice_1_6_2'>\n\t\t\t\t<input name='input_6' type='radio' value='Maryland'  id='choice_1_6_2'    \/>\n\t\t\t\t<label for='choice_1_6_2' id='label_1_6_2' class='gform-field-label gform-field-label--type-inline'>Maryland<\/label>\n\t\t\t<\/li>\n\t\t\t<li class='gchoice gchoice_1_6_3'>\n\t\t\t\t<input name='input_6' type='radio' value='Oklahoma'  id='choice_1_6_3'    \/>\n\t\t\t\t<label for='choice_1_6_3' id='label_1_6_3' class='gform-field-label gform-field-label--type-inline'>Oklahoma<\/label>\n\t\t\t<\/li>\n\t\t\t<li class='gchoice gchoice_1_6_4'>\n\t\t\t\t<input name='input_6' type='radio' value='Otro'  id='choice_1_6_4'    \/>\n\t\t\t\t<label for='choice_1_6_4' id='label_1_6_4' class='gform-field-label gform-field-label--type-inline'>Otro<\/label>\n\t\t\t<\/li><\/ul><\/div><\/li><\/ul><\/div>\n        <div class='gform-footer gform_footer top_label'> <input type='submit' id='gform_submit_button_1' class='gform_button button' onclick='gform.submission.handleButtonClick(this);' data-submission-type='submit' value='ENVIAR'  \/> <input type='hidden' name='gform_ajax' value='form_id=1&amp;title=&amp;description=&amp;tabindex=0&amp;theme=legacy&amp;styles=[]&amp;hash=fc4184d954609b4dcd110dadd7e05cae' \/>\n            <input type='hidden' class='gform_hidden' name='gform_submission_method' data-js='gform_submission_method_1' value='iframe' \/>\n            <input type='hidden' class='gform_hidden' name='gform_theme' data-js='gform_theme_1' id='gform_theme_1' value='legacy' \/>\n            <input type='hidden' class='gform_hidden' name='gform_style_settings' data-js='gform_style_settings_1' id='gform_style_settings_1' value='[]' \/>\n            <input type='hidden' class='gform_hidden' name='is_submit_1' value='1' \/>\n            <input type='hidden' class='gform_hidden' name='gform_submit' value='1' \/>\n            \n            <input type='hidden' class='gform_hidden' name='gform_currency' data-currency='USD' value='hE\/qPU0mdZjmnpRXbLIPPYqzPEmAUM94x3NDaaFym\/IfaO2Zs3LJUuxAllWDaeM8jjjobldQC4ZbannieV7TN1Si\/qBwY3rAl0E6\/x5hm0chI0U=' \/>\n            <input type='hidden' class='gform_hidden' name='gform_unique_id' value='' \/>\n            <input type='hidden' class='gform_hidden' name='state_1' value='WyJbXSIsImZlN2MwNzFmYTJiNTU1NDUwODgyM2Y0YmI5MmEwOTQwIl0=' \/>\n            <input type='hidden' autocomplete='off' class='gform_hidden' name='gform_target_page_number_1' id='gform_target_page_number_1' value='0' \/>\n            <input type='hidden' autocomplete='off' class='gform_hidden' name='gform_source_page_number_1' id='gform_source_page_number_1' value='1' \/>\n            <input type='hidden' name='gform_field_values' value='' \/>\n            \n        <\/div>\n                        <\/form>\n                        <\/div>\n\t\t                <iframe style='display:none;width:0px;height:0px;' src='about:blank' name='gform_ajax_frame_1' id='gform_ajax_frame_1' title='Este iframe contiene la l\u00f3gica necesaria para gestionar formularios con ajax activado.'><\/iframe>\n\t\t                <script type=\"text\/javascript\">\n\/* <![CDATA[ *\/\n gform.initializeOnLoaded( function() {gformInitSpinner( 1, 'https:\/\/iwantthekit.org\/wp-content\/plugins\/gravityforms\/images\/spinner.svg', true );jQuery('#gform_ajax_frame_1').on('load',function(){var contents = jQuery(this).contents().find('*').html();var is_postback = contents.indexOf('GF_AJAX_POSTBACK') >= 0;if(!is_postback){return;}var form_content = jQuery(this).contents().find('#gform_wrapper_1');var is_confirmation = jQuery(this).contents().find('#gform_confirmation_wrapper_1').length > 0;var is_redirect = contents.indexOf('gformRedirect(){') >= 0;var is_form = form_content.length > 0 && ! is_redirect && ! is_confirmation;var mt = parseInt(jQuery('html').css('margin-top'), 10) + parseInt(jQuery('body').css('margin-top'), 10) + 100;if(is_form){form_content.find('form').css('opacity', 0);jQuery('#gform_wrapper_1').html(form_content.html());if(form_content.hasClass('gform_validation_error')){jQuery('#gform_wrapper_1').addClass('gform_validation_error');} else {jQuery('#gform_wrapper_1').removeClass('gform_validation_error');}setTimeout( function() { \/* delay the scroll by 50 milliseconds to fix a bug in chrome *\/ jQuery(document).scrollTop(jQuery('#gform_wrapper_1').offset().top - mt); }, 50 );if(window['gformInitDatepicker']) {gformInitDatepicker();}if(window['gformInitPriceFields']) {gformInitPriceFields();}var current_page = jQuery('#gform_source_page_number_1').val();gformInitSpinner( 1, 'https:\/\/iwantthekit.org\/wp-content\/plugins\/gravityforms\/images\/spinner.svg', true );jQuery(document).trigger('gform_page_loaded', [1, current_page]);window['gf_submitting_1'] = false;}else if(!is_redirect){var confirmation_content = jQuery(this).contents().find('.GF_AJAX_POSTBACK').html();if(!confirmation_content){confirmation_content = contents;}jQuery('#gform_wrapper_1').replaceWith(confirmation_content);jQuery(document).scrollTop(jQuery('#gf_1').offset().top - mt);jQuery(document).trigger('gform_confirmation_loaded', [1]);window['gf_submitting_1'] = false;wp.a11y.speak(jQuery('#gform_confirmation_message_1').text());}else{jQuery('#gform_1').append(contents);if(window['gformRedirect']) {gformRedirect();}}jQuery(document).trigger(\"gform_pre_post_render\", [{ formId: \"1\", currentPage: \"current_page\", abort: function() { this.preventDefault(); } }]);        if (event && event.defaultPrevented) {                return;        }        const gformWrapperDiv = document.getElementById( \"gform_wrapper_1\" );        if ( gformWrapperDiv ) {            const visibilitySpan = document.createElement( \"span\" );            visibilitySpan.id = \"gform_visibility_test_1\";            gformWrapperDiv.insertAdjacentElement( \"afterend\", visibilitySpan );        }        const visibilityTestDiv = document.getElementById( \"gform_visibility_test_1\" );        let postRenderFired = false;        function triggerPostRender() {            if ( postRenderFired ) {                return;            }            postRenderFired = true;            gform.core.triggerPostRenderEvents( 1, current_page );            if ( visibilityTestDiv ) {                visibilityTestDiv.parentNode.removeChild( visibilityTestDiv );            }        }        function debounce( func, wait, immediate ) {            var timeout;            return function() {                var context = this, args = arguments;                var later = function() {                    timeout = null;                    if ( !immediate ) func.apply( context, args );                };                var callNow = immediate && !timeout;                clearTimeout( timeout );                timeout = setTimeout( later, wait );                if ( callNow ) func.apply( context, args );            };        }        const debouncedTriggerPostRender = debounce( function() {            triggerPostRender();        }, 200 );        if ( visibilityTestDiv && visibilityTestDiv.offsetParent === null ) {            const observer = new MutationObserver( ( mutations ) => {                mutations.forEach( ( mutation ) => {                    if ( mutation.type === 'attributes' && visibilityTestDiv.offsetParent !== null ) {                        debouncedTriggerPostRender();                        observer.disconnect();                    }                });            });            observer.observe( document.body, {                attributes: true,                childList: false,                subtree: true,                attributeFilter: [ 'style', 'class' ],            });        } else {            triggerPostRender();        }    } );} ); \n\/* ]]> *\/\n<\/script>\n[\/et_pb_code][\/et_pb_column][\/et_pb_row][\/et_pb_section]<\/p>\n","protected":false},"excerpt":{"rendered":"<p>Por favor cont\u00e1ctenos si tiene cualquier pregunta o inquietud. Tenga en cuenta que no proporcionamos ning\u00fan consejo m\u00e9dico. Si necesita un consejo m\u00e9dico, por favor comun\u00edquese con una cl\u00ednica local de ITS o con su proveedor de atenci\u00f3n m\u00e9dica. Si lo prefiere, tambi\u00e9n puede comunicarse con nosotros por correo electr\u00f3nico a: iwantthekit@jhmi.edu Nuestro objetivo es [&hellip;]<\/p>\n","protected":false},"author":15,"featured_media":0,"parent":0,"menu_order":0,"comment_status":"closed","ping_status":"closed","template":"","meta":{"_et_pb_use_builder":"on","_et_pb_old_content":"","_et_gb_content_width":"","footnotes":""},"class_list":["post-1640","page","type-page","status-publish","hentry"],"yoast_head":"<!-- This site is optimized with the Yoast SEO plugin v27.3 - https:\/\/yoast.com\/product\/yoast-seo-wordpress\/ -->\n<title>CONT\u00c1CTENOS - IWTK<\/title>\n<meta name=\"robots\" content=\"index, follow, max-snippet:-1, max-image-preview:large, max-video-preview:-1\" \/>\n<link rel=\"canonical\" href=\"https:\/\/iwantthekit.org\/es\/contactenos\/\" \/>\n<meta property=\"og:locale\" content=\"es_ES\" \/>\n<meta property=\"og:type\" content=\"article\" \/>\n<meta property=\"og:title\" content=\"CONT\u00c1CTENOS - IWTK\" \/>\n<meta property=\"og:description\" content=\"Por favor cont\u00e1ctenos si tiene cualquier pregunta o inquietud. Tenga en cuenta que no proporcionamos ning\u00fan consejo m\u00e9dico. Si necesita un consejo m\u00e9dico, por favor comun\u00edquese con una cl\u00ednica local de ITS o con su proveedor de atenci\u00f3n m\u00e9dica. Si lo prefiere, tambi\u00e9n puede comunicarse con nosotros por correo electr\u00f3nico a: iwantthekit@jhmi.edu Nuestro objetivo es [&hellip;]\" \/>\n<meta property=\"og:url\" content=\"https:\/\/iwantthekit.org\/es\/contactenos\/\" \/>\n<meta property=\"og:site_name\" content=\"IWTK\" \/>\n<meta property=\"article:modified_time\" content=\"2023-02-02T14:17:06+00:00\" \/>\n<meta name=\"twitter:card\" content=\"summary_large_image\" \/>\n<meta name=\"twitter:label1\" content=\"Tiempo de lectura\" \/>\n\t<meta name=\"twitter:data1\" content=\"1 minuto\" \/>\n<script type=\"application\/ld+json\" class=\"yoast-schema-graph\">{\"@context\":\"https:\\\/\\\/schema.org\",\"@graph\":[{\"@type\":\"WebPage\",\"@id\":\"https:\\\/\\\/iwantthekit.org\\\/es\\\/contactenos\\\/\",\"url\":\"https:\\\/\\\/iwantthekit.org\\\/es\\\/contactenos\\\/\",\"name\":\"CONT\u00c1CTENOS - IWTK\",\"isPartOf\":{\"@id\":\"https:\\\/\\\/iwantthekit.org\\\/es\\\/#website\"},\"datePublished\":\"2021-12-18T19:13:01+00:00\",\"dateModified\":\"2023-02-02T14:17:06+00:00\",\"inLanguage\":\"es\",\"potentialAction\":[{\"@type\":\"ReadAction\",\"target\":[\"https:\\\/\\\/iwantthekit.org\\\/es\\\/contactenos\\\/\"]}]},{\"@type\":\"WebSite\",\"@id\":\"https:\\\/\\\/iwantthekit.org\\\/es\\\/#website\",\"url\":\"https:\\\/\\\/iwantthekit.org\\\/es\\\/\",\"name\":\"IWTK\",\"description\":\"Take Control, Know Your Status\",\"potentialAction\":[{\"@type\":\"SearchAction\",\"target\":{\"@type\":\"EntryPoint\",\"urlTemplate\":\"https:\\\/\\\/iwantthekit.org\\\/es\\\/?s={search_term_string}\"},\"query-input\":{\"@type\":\"PropertyValueSpecification\",\"valueRequired\":true,\"valueName\":\"search_term_string\"}}],\"inLanguage\":\"es\"}]}<\/script>\n<!-- \/ Yoast SEO plugin. -->","yoast_head_json":{"title":"CONT\u00c1CTENOS - IWTK","robots":{"index":"index","follow":"follow","max-snippet":"max-snippet:-1","max-image-preview":"max-image-preview:large","max-video-preview":"max-video-preview:-1"},"canonical":"https:\/\/iwantthekit.org\/es\/contactenos\/","og_locale":"es_ES","og_type":"article","og_title":"CONT\u00c1CTENOS - IWTK","og_description":"Por favor cont\u00e1ctenos si tiene cualquier pregunta o inquietud. Tenga en cuenta que no proporcionamos ning\u00fan consejo m\u00e9dico. Si necesita un consejo m\u00e9dico, por favor comun\u00edquese con una cl\u00ednica local de ITS o con su proveedor de atenci\u00f3n m\u00e9dica. Si lo prefiere, tambi\u00e9n puede comunicarse con nosotros por correo electr\u00f3nico a: iwantthekit@jhmi.edu Nuestro objetivo es [&hellip;]","og_url":"https:\/\/iwantthekit.org\/es\/contactenos\/","og_site_name":"IWTK","article_modified_time":"2023-02-02T14:17:06+00:00","twitter_card":"summary_large_image","twitter_misc":{"Tiempo de lectura":"1 minuto"},"schema":{"@context":"https:\/\/schema.org","@graph":[{"@type":"WebPage","@id":"https:\/\/iwantthekit.org\/es\/contactenos\/","url":"https:\/\/iwantthekit.org\/es\/contactenos\/","name":"CONT\u00c1CTENOS - IWTK","isPartOf":{"@id":"https:\/\/iwantthekit.org\/es\/#website"},"datePublished":"2021-12-18T19:13:01+00:00","dateModified":"2023-02-02T14:17:06+00:00","inLanguage":"es","potentialAction":[{"@type":"ReadAction","target":["https:\/\/iwantthekit.org\/es\/contactenos\/"]}]},{"@type":"WebSite","@id":"https:\/\/iwantthekit.org\/es\/#website","url":"https:\/\/iwantthekit.org\/es\/","name":"IWTK","description":"Take Control, Know Your Status","potentialAction":[{"@type":"SearchAction","target":{"@type":"EntryPoint","urlTemplate":"https:\/\/iwantthekit.org\/es\/?s={search_term_string}"},"query-input":{"@type":"PropertyValueSpecification","valueRequired":true,"valueName":"search_term_string"}}],"inLanguage":"es"}]}},"_links":{"self":[{"href":"https:\/\/iwantthekit.org\/es\/wp-json\/wp\/v2\/pages\/1640","targetHints":{"allow":["GET"]}}],"collection":[{"href":"https:\/\/iwantthekit.org\/es\/wp-json\/wp\/v2\/pages"}],"about":[{"href":"https:\/\/iwantthekit.org\/es\/wp-json\/wp\/v2\/types\/page"}],"author":[{"embeddable":true,"href":"https:\/\/iwantthekit.org\/es\/wp-json\/wp\/v2\/users\/15"}],"replies":[{"embeddable":true,"href":"https:\/\/iwantthekit.org\/es\/wp-json\/wp\/v2\/comments?post=1640"}],"version-history":[{"count":0,"href":"https:\/\/iwantthekit.org\/es\/wp-json\/wp\/v2\/pages\/1640\/revisions"}],"wp:attachment":[{"href":"https:\/\/iwantthekit.org\/es\/wp-json\/wp\/v2\/media?parent=1640"}],"curies":[{"name":"wp","href":"https:\/\/api.w.org\/{rel}","templated":true}]}}