{"id":1634,"date":"2021-12-18T13:52:43","date_gmt":"2021-12-18T18:52:43","guid":{"rendered":"https:\/\/iwantthekit.org\/sobre-nosotros\/"},"modified":"2023-08-01T13:16:59","modified_gmt":"2023-08-01T17:16:59","slug":"sobre-nosotros","status":"publish","type":"page","link":"https:\/\/iwantthekit.org\/es\/sobre-nosotros\/","title":{"rendered":"SOBRE NOSOTROS"},"content":{"rendered":"<p>[et_pb_section fb_built=\u00bb1&#8243; _builder_version=\u00bb4.16&#8243; background_color=\u00bb#003664&#8243; global_colors_info=\u00bb{}\u00bb][et_pb_row _builder_version=\u00bb4.16&#8243; global_colors_info=\u00bb{}\u00bb][et_pb_column type=\u00bb4_4&#8243; _builder_version=\u00bb4.16&#8243; global_colors_info=\u00bb{}\u00bb][et_pb_post_title meta=\u00bboff\u00bb _builder_version=\u00bb4.4.8&#8243; title_font=\u00bb|800||on|||||\u00bb title_text_color=\u00bb#ff9226&#8243; title_font_size=\u00bb55px\u00bb global_colors_info=\u00bb{}\u00bb][\/et_pb_post_title][\/et_pb_column][\/et_pb_row][\/et_pb_section][et_pb_section fb_built=\u00bb1&#8243; _builder_version=\u00bb4.16&#8243; global_colors_info=\u00bb{}\u00bb][et_pb_row _builder_version=\u00bb4.16&#8243; custom_padding=\u00bb||0px||false|false\u00bb global_colors_info=\u00bb{}\u00bb][et_pb_column type=\u00bb4_4&#8243; _builder_version=\u00bb4.16&#8243; global_colors_info=\u00bb{}\u00bb][et_pb_text _builder_version=\u00bb4.19.5&#8243; global_colors_info=\u00bb{}\u00bb]<\/p>\n<p>IWTK comenz\u00f3 en el 2004 en la Escuela de Medicina de la Universidad de Johns Hopkins como parte de un laboratorio que se especializa en la investigaci\u00f3n de infecciones de transmisi\u00f3n sexual (ITS). \u00a1Hoy a\u00fan estamos aqu\u00ed, 19 a\u00f1os despu\u00e9s! Hemos realizado miles de pruebas de ITS para los usuarios de nuestro sitio a lo largo de los a\u00f1os. Al principio, nuestros kits s\u00f3lo estaban disponibles para los residentes de Maryland. En el 2011, comenzamos a proporcionar kits a los residentes de Alaska. En el 2020, comenzamos a enviar kits de prueba casera para VIH a los usuarios del sitio IWTK que viven en la ciudad de Baltimore. Esperamos seguir expandiendo las pruebas y los servicios que ofrecemos. Nuestro laboratorio est\u00e1 autorizado por el Estado de Maryland y Certificado por el Colegio de Pat\u00f3logos Americanos (CAP por sus siglas en Ingl\u00e9s)<\/p>\n<p>[\/et_pb_text][et_pb_text module_class=\u00bbhover-custom\u00bb _builder_version=\u00bb4.16&#8243; background_color=\u00bb#f9f9f9&#8243; custom_padding=\u00bb20px|20px|20px|20px|true|true\u00bb hover_enabled=\u00bb0&#8243; border_radii=\u00bbon|12px|12px|12px|12px\u00bb border_width_all=\u00bb1px\u00bb border_color_all=\u00bb#e8e8e8&#8243; global_colors_info=\u00bb{}\u00bb sticky_enabled=\u00bb0&#8243;]<\/p>\n<h3><strong>Nuestra Misi\u00f3n<\/strong><\/h3>\n<p>Disminuir la transmisi\u00f3n y la carga que representan las ITS mediante pruebas gratuitas, pr\u00e1cticas, confidenciales y precisas, y educar a los usuarios sobre la prevenci\u00f3n de ITS[\/et_pb_text][et_pb_text module_class=\u00bbhover-custom\u00bb _builder_version=\u00bb4.16&#8243; background_color=\u00bb#f9f9f9&#8243; custom_padding=\u00bb20px|20px|20px|20px|true|true\u00bb border_radii=\u00bbon|12px|12px|12px|12px\u00bb border_width_all=\u00bb1px\u00bb border_color_all=\u00bb#e8e8e8&#8243; global_colors_info=\u00bb{}\u00bb]<\/p>\n<h3><strong>Nuestra Visi\u00f3n<\/strong><\/h3>\n<p>Un mundo sin ITS[\/et_pb_text][et_pb_text module_class=\u00bbhover-custom\u00bb _builder_version=\u00bb4.16&#8243; background_color=\u00bb#f9f9f9&#8243; custom_padding=\u00bb20px|20px|20px|20px|true|true\u00bb border_radii=\u00bbon|12px|12px|12px|12px\u00bb border_width_all=\u00bb1px\u00bb border_color_all=\u00bb#e8e8e8&#8243; global_colors_info=\u00bb{}\u00bb]<\/p>\n<h3><strong>Nuestros Valores<\/strong><\/h3>\n<p><strong>Respeto<\/strong>: Nosotros respetamos a cada individuo. No juzgamos ni queremos que nadie se sienta estigmatizado<\/p>\n<p><strong>Confiabilidad<\/strong>: Utilizamos pruebas aprobadas por la FDA. Puede estar seguro de que los resultados de su prueba son precisos.<\/p>\n<p><strong>Confianza<\/strong>: Sabemos que est\u00e1 compartiendo informaci\u00f3n confidencial con nosotros. Puede confiar en nosotros para protegerla. Nuestro sitio web est\u00e1 localizado en un servidor de la Universidad de Johns Hopkins que cumple con HIPAA. Todo el personal de IWTK ha firmado acuerdos de confidencialidad.[\/et_pb_text][et_pb_text _builder_version=\u00bb4.16&#8243; global_colors_info=\u00bb{}\u00bb]<\/p>\n<h3><strong>Nuestros Socios<\/strong><\/h3>\n<p>[\/et_pb_text][\/et_pb_column][\/et_pb_row][et_pb_row column_structure=\u00bb1_3,1_3,1_3&#8243; _builder_version=\u00bb4.16&#8243; custom_margin=\u00bb||||false|false\u00bb custom_padding=\u00bb0px||||false|false\u00bb global_colors_info=\u00bb{}\u00bb][et_pb_column type=\u00bb1_3&#8243; _builder_version=\u00bb4.16&#8243; global_colors_info=\u00bb{}\u00bb][et_pb_image src=\u00bbhttps:\/\/iwantthekit.org\/wp-content\/uploads\/2021\/09\/Maryland-Department-of-Health-Logo.png\u00bb alt=\u00bbLogotipo de Maryland Department of Health\u00bb title_text=\u00bbLogotipo de Maryland Department of Health\u00bb force_fullwidth=\u00bbon\u00bb _builder_version=\u00bb4.16&#8243; hover_enabled=\u00bb0&#8243; global_colors_info=\u00bb{}\u00bb sticky_enabled=\u00bb0&#8243;][\/et_pb_image][\/et_pb_column][et_pb_column type=\u00bb1_3&#8243; _builder_version=\u00bb4.16&#8243; global_colors_info=\u00bb{}\u00bb][et_pb_image src=\u00bbhttps:\/\/iwantthekit.org\/wp-content\/uploads\/2021\/09\/Baltimore-City-Health-Department-Logo.png\u00bb alt=\u00bbLogotipo de Baltimore City Health Department \u00bb title_text=\u00bbLogotipo de Baltimore City Health Department \u00bb force_fullwidth=\u00bbon\u00bb _builder_version=\u00bb4.16&#8243; global_colors_info=\u00bb{}\u00bb][\/et_pb_image][\/et_pb_column][et_pb_column type=\u00bb1_3&#8243; _builder_version=\u00bb4.16&#8243; global_colors_info=\u00bb{}\u00bb][et_pb_image src=\u00bbhttps:\/\/iwantthekit.org\/wp-content\/uploads\/2021\/09\/National-Institute-of-Biomedical-Imaging-and-Bioengineering-Logo.jpg\u00bb alt=\u00bbLogotipo de National Institute of Biomedical Imaging and Bioengineering\u00bb title_text=\u00bbLogotipo de National Institute of Biomedical Imaging and Bioengineering\u00bb force_fullwidth=\u00bbon\u00bb _builder_version=\u00bb4.16&#8243; global_colors_info=\u00bb{}\u00bb][\/et_pb_image][\/et_pb_column][\/et_pb_row][et_pb_row column_structure=\u00bb1_3,1_3,1_3&#8243; _builder_version=\u00bb4.16&#8243; custom_margin=\u00bb||||false|false\u00bb custom_padding=\u00bb0px||||false|false\u00bb global_colors_info=\u00bb{}\u00bb][et_pb_column type=\u00bb1_3&#8243; _builder_version=\u00bb4.16&#8243; global_colors_info=\u00bb{}\u00bb][et_pb_image src=\u00bbhttps:\/\/iwantthekit.org\/wp-content\/uploads\/2021\/09\/Alaska-Native-Tribal-Health-Consortium-Logo.jpg\u00bb alt=\u00bbLogotipo de Alaska Native Tribal Health Consortium \u00bb title_text=\u00bbLogotipo de Alaska Native Tribal Health Consortium \u00bb align=\u00bbcenter\u00bb force_fullwidth=\u00bbon\u00bb _builder_version=\u00bb4.16&#8243; global_colors_info=\u00bb{}\u00bb][\/et_pb_image][\/et_pb_column][et_pb_column type=\u00bb1_3&#8243; _builder_version=\u00bb4.19.5&#8243; _module_preset=\u00bbdefault\u00bb global_colors_info=\u00bb{}\u00bb][et_pb_image src=\u00bbhttps:\/\/iwantthekit.org\/wp-content\/uploads\/2022\/04\/SPTHB_Main_Red_logo.png\u00bb alt=\u00bbLogotipo de Southern Plains Tribal Health Board\u00bb title_text=\u00bbLogotipo de Southern Plains Tribal Health Board\u00bb align=\u00bbcenter\u00bb _builder_version=\u00bb4.21.0&#8243; max_height=\u00bb200px\u00bb global_colors_info=\u00bb{}\u00bb][\/et_pb_image][\/et_pb_column][et_pb_column type=\u00bb1_3&#8243; _builder_version=\u00bb4.19.5&#8243; _module_preset=\u00bbdefault\u00bb global_colors_info=\u00bb{}\u00bb][et_pb_image src=\u00bbhttps:\/\/iwantthekit.org\/wp-content\/uploads\/2022\/04\/TEC_Logo_Color.png\u00bb alt=\u00bbLogotipo de Oklahoma Area Tribal Epidemiology Center\u00bb title_text=\u00bbLogotipo de Oklahoma Area Tribal Epidemiology Center\u00bb align=\u00bbcenter\u00bb _builder_version=\u00bb4.21.0&#8243; width=\u00bb80%\u00bb max_width=\u00bb100%\u00bb height=\u00bb150px\u00bb max_height=\u00bb150px\u00bb custom_margin=\u00bb25px||||false|false\u00bb global_colors_info=\u00bb{}\u00bb][\/et_pb_image][\/et_pb_column][\/et_pb_row][et_pb_row column_structure=\u00bb1_2,1_2&#8243; _builder_version=\u00bb4.16&#8243; custom_margin=\u00bb||||false|false\u00bb custom_padding=\u00bb0px||||false|false\u00bb global_colors_info=\u00bb{}\u00bb][et_pb_column type=\u00bb1_2&#8243; _builder_version=\u00bb4.16&#8243; global_colors_info=\u00bb{}\u00bb][et_pb_image src=\u00bbhttps:\/\/iwantthekit.org\/wp-content\/uploads\/2023\/04\/Northwest_Portland_Logo2.png\u00bb alt=\u00bbLogotipo de Northwest Portland Area Indian Health Board\u00bb title_text=\u00bbLogotipo de Northwest Portland Area Indian Health Board\u00bb align=\u00bbcenter\u00bb _builder_version=\u00bb4.19.5&#8243; _module_preset=\u00bbdefault\u00bb custom_margin=\u00bb||||false|false\u00bb custom_padding=\u00bb50px||||false|false\u00bb global_colors_info=\u00bb{}\u00bb][\/et_pb_image][\/et_pb_column][et_pb_column type=\u00bb1_2&#8243; _builder_version=\u00bb4.19.5&#8243; _module_preset=\u00bbdefault\u00bb global_colors_info=\u00bb{}\u00bb][et_pb_image src=\u00bbhttps:\/\/iwantthekit.org\/wp-content\/uploads\/2023\/03\/Indian_Health_Service_Logo-300&#215;300.png\u00bb alt=\u00bbLogotipo de Indian Health Service\u00bb title_text=\u00bbLogotipo de Indian Health Service\u00bb align=\u00bbcenter\u00bb _builder_version=\u00bb4.21.0&#8243; _module_preset=\u00bbdefault\u00bb width=\u00bb60%\u00bb max_height=\u00bb175px\u00bb custom_padding=\u00bb20px||20px||false|false\u00bb hover_enabled=\u00bb0&#8243; global_colors_info=\u00bb{}\u00bb sticky_enabled=\u00bb0&#8243;][\/et_pb_image][\/et_pb_column][\/et_pb_row][\/et_pb_section]<\/p>\n","protected":false},"excerpt":{"rendered":"<p>IWTK comenz\u00f3 en el 2004 en la Escuela de Medicina de la Universidad de Johns Hopkins como parte de un laboratorio que se especializa en la investigaci\u00f3n de infecciones de transmisi\u00f3n sexual (ITS). \u00a1Hoy a\u00fan estamos aqu\u00ed, 19 a\u00f1os despu\u00e9s! Hemos realizado miles de pruebas de ITS para los usuarios de nuestro sitio a lo [&hellip;]<\/p>\n","protected":false},"author":15,"featured_media":0,"parent":0,"menu_order":0,"comment_status":"closed","ping_status":"closed","template":"","meta":{"_et_pb_use_builder":"on","_et_pb_old_content":"","_et_gb_content_width":"","footnotes":""},"class_list":["post-1634","page","type-page","status-publish","hentry"],"yoast_head":"<!-- This site is optimized with the Yoast SEO plugin v27.3 - https:\/\/yoast.com\/product\/yoast-seo-wordpress\/ -->\n<title>SOBRE NOSOTROS - IWTK<\/title>\n<meta name=\"robots\" content=\"index, follow, max-snippet:-1, max-image-preview:large, max-video-preview:-1\" \/>\n<link rel=\"canonical\" href=\"https:\/\/iwantthekit.org\/es\/sobre-nosotros\/\" \/>\n<meta property=\"og:locale\" content=\"es_ES\" \/>\n<meta property=\"og:type\" content=\"article\" \/>\n<meta property=\"og:title\" content=\"SOBRE NOSOTROS - IWTK\" \/>\n<meta property=\"og:description\" content=\"IWTK comenz\u00f3 en el 2004 en la Escuela de Medicina de la Universidad de Johns Hopkins como parte de un laboratorio que se especializa en la investigaci\u00f3n de infecciones de transmisi\u00f3n sexual (ITS). \u00a1Hoy a\u00fan estamos aqu\u00ed, 19 a\u00f1os despu\u00e9s! Hemos realizado miles de pruebas de ITS para los usuarios de nuestro sitio a lo [&hellip;]\" \/>\n<meta property=\"og:url\" content=\"https:\/\/iwantthekit.org\/es\/sobre-nosotros\/\" \/>\n<meta property=\"og:site_name\" content=\"IWTK\" \/>\n<meta property=\"article:modified_time\" content=\"2023-08-01T17:16:59+00:00\" \/>\n<meta name=\"twitter:card\" content=\"summary_large_image\" \/>\n<meta name=\"twitter:label1\" content=\"Tiempo de lectura\" \/>\n\t<meta name=\"twitter:data1\" content=\"5 minutos\" \/>\n<script type=\"application\/ld+json\" class=\"yoast-schema-graph\">{\"@context\":\"https:\\\/\\\/schema.org\",\"@graph\":[{\"@type\":\"WebPage\",\"@id\":\"https:\\\/\\\/iwantthekit.org\\\/es\\\/sobre-nosotros\\\/\",\"url\":\"https:\\\/\\\/iwantthekit.org\\\/es\\\/sobre-nosotros\\\/\",\"name\":\"SOBRE NOSOTROS - IWTK\",\"isPartOf\":{\"@id\":\"https:\\\/\\\/iwantthekit.org\\\/es\\\/#website\"},\"datePublished\":\"2021-12-18T18:52:43+00:00\",\"dateModified\":\"2023-08-01T17:16:59+00:00\",\"inLanguage\":\"es\",\"potentialAction\":[{\"@type\":\"ReadAction\",\"target\":[\"https:\\\/\\\/iwantthekit.org\\\/es\\\/sobre-nosotros\\\/\"]}]},{\"@type\":\"WebSite\",\"@id\":\"https:\\\/\\\/iwantthekit.org\\\/es\\\/#website\",\"url\":\"https:\\\/\\\/iwantthekit.org\\\/es\\\/\",\"name\":\"IWTK\",\"description\":\"Take Control, Know Your Status\",\"potentialAction\":[{\"@type\":\"SearchAction\",\"target\":{\"@type\":\"EntryPoint\",\"urlTemplate\":\"https:\\\/\\\/iwantthekit.org\\\/es\\\/?s={search_term_string}\"},\"query-input\":{\"@type\":\"PropertyValueSpecification\",\"valueRequired\":true,\"valueName\":\"search_term_string\"}}],\"inLanguage\":\"es\"}]}<\/script>\n<!-- \/ Yoast SEO plugin. -->","yoast_head_json":{"title":"SOBRE NOSOTROS - IWTK","robots":{"index":"index","follow":"follow","max-snippet":"max-snippet:-1","max-image-preview":"max-image-preview:large","max-video-preview":"max-video-preview:-1"},"canonical":"https:\/\/iwantthekit.org\/es\/sobre-nosotros\/","og_locale":"es_ES","og_type":"article","og_title":"SOBRE NOSOTROS - IWTK","og_description":"IWTK comenz\u00f3 en el 2004 en la Escuela de Medicina de la Universidad de Johns Hopkins como parte de un laboratorio que se especializa en la investigaci\u00f3n de infecciones de transmisi\u00f3n sexual (ITS). \u00a1Hoy a\u00fan estamos aqu\u00ed, 19 a\u00f1os despu\u00e9s! Hemos realizado miles de pruebas de ITS para los usuarios de nuestro sitio a lo [&hellip;]","og_url":"https:\/\/iwantthekit.org\/es\/sobre-nosotros\/","og_site_name":"IWTK","article_modified_time":"2023-08-01T17:16:59+00:00","twitter_card":"summary_large_image","twitter_misc":{"Tiempo de lectura":"5 minutos"},"schema":{"@context":"https:\/\/schema.org","@graph":[{"@type":"WebPage","@id":"https:\/\/iwantthekit.org\/es\/sobre-nosotros\/","url":"https:\/\/iwantthekit.org\/es\/sobre-nosotros\/","name":"SOBRE NOSOTROS - IWTK","isPartOf":{"@id":"https:\/\/iwantthekit.org\/es\/#website"},"datePublished":"2021-12-18T18:52:43+00:00","dateModified":"2023-08-01T17:16:59+00:00","inLanguage":"es","potentialAction":[{"@type":"ReadAction","target":["https:\/\/iwantthekit.org\/es\/sobre-nosotros\/"]}]},{"@type":"WebSite","@id":"https:\/\/iwantthekit.org\/es\/#website","url":"https:\/\/iwantthekit.org\/es\/","name":"IWTK","description":"Take Control, Know Your Status","potentialAction":[{"@type":"SearchAction","target":{"@type":"EntryPoint","urlTemplate":"https:\/\/iwantthekit.org\/es\/?s={search_term_string}"},"query-input":{"@type":"PropertyValueSpecification","valueRequired":true,"valueName":"search_term_string"}}],"inLanguage":"es"}]}},"_links":{"self":[{"href":"https:\/\/iwantthekit.org\/es\/wp-json\/wp\/v2\/pages\/1634","targetHints":{"allow":["GET"]}}],"collection":[{"href":"https:\/\/iwantthekit.org\/es\/wp-json\/wp\/v2\/pages"}],"about":[{"href":"https:\/\/iwantthekit.org\/es\/wp-json\/wp\/v2\/types\/page"}],"author":[{"embeddable":true,"href":"https:\/\/iwantthekit.org\/es\/wp-json\/wp\/v2\/users\/15"}],"replies":[{"embeddable":true,"href":"https:\/\/iwantthekit.org\/es\/wp-json\/wp\/v2\/comments?post=1634"}],"version-history":[{"count":0,"href":"https:\/\/iwantthekit.org\/es\/wp-json\/wp\/v2\/pages\/1634\/revisions"}],"wp:attachment":[{"href":"https:\/\/iwantthekit.org\/es\/wp-json\/wp\/v2\/media?parent=1634"}],"curies":[{"name":"wp","href":"https:\/\/api.w.org\/{rel}","templated":true}]}}